{"id":3286,"date":"2021-03-25T16:45:08","date_gmt":"2021-03-25T15:45:08","guid":{"rendered":"https:\/\/orbitalservice-group.com\/?page_id=3286"},"modified":"2026-02-18T13:51:07","modified_gmt":"2026-02-18T12:51:07","slug":"jobs","status":"publish","type":"page","link":"https:\/\/orbitalservice-group.com\/de\/jobs\/","title":{"rendered":"Jobs"},"content":{"rendered":"<div class=\"fusion-fullwidth fullwidth-box fusion-builder-row-1 fusion-flex-container nonhundred-percent-fullwidth non-hundred-percent-height-scrolling\" style=\"--awb-border-radius-top-left:0px;--awb-border-radius-top-right:0px;--awb-border-radius-bottom-right:0px;--awb-border-radius-bottom-left:0px;--awb-flex-wrap:wrap;\" ><div class=\"fusion-builder-row fusion-row fusion-flex-align-items-flex-start fusion-flex-content-wrap\" style=\"max-width:83.2%;margin-left: calc(-4% \/ 2 );margin-right: calc(-4% \/ 2 );\"><div class=\"fusion-layout-column fusion_builder_column fusion-builder-column-0 fusion_builder_column_1_1 1_1 fusion-flex-column\" style=\"--awb-bg-size:cover;--awb-width-large:100%;--awb-margin-top-large:20px;--awb-spacing-right-large:1.92%;--awb-margin-bottom-large:20px;--awb-spacing-left-large:1.92%;--awb-width-medium:100%;--awb-order-medium:0;--awb-spacing-right-medium:1.92%;--awb-spacing-left-medium:1.92%;--awb-width-small:100%;--awb-order-small:0;--awb-spacing-right-small:1.92%;--awb-spacing-left-small:1.92%;\"><div class=\"fusion-column-wrapper fusion-column-has-shadow fusion-flex-justify-content-flex-start fusion-content-layout-column\"><div class=\"fusion-widget fusion-widget-element fusion-widget-area fusion-content-widget-area wpWidget-1 wp_widget_text\" style=\"--awb-fusion-border-size:0px;--awb-fusion-border-style:solid;\"><div class=\"widget widget_text\"><div class=\"heading\"><h4 class=\"widget-title\">Jobs<\/h4><\/div>\t\t\t<div class=\"textwidget\"><p>Aktuelle Stellenangebote. Sollte f\u00fcr Sie nichts passendes dabei sein, freuen wir uns auf Ihre Initiativbewerbung.<\/p>\n<\/div>\n\t\t<\/div><\/div><div class=\"accordian fusion-accordian\" style=\"--awb-border-size:0px;--awb-icon-size:18px;--awb-content-font-size:1.2em;--awb-icon-alignment:right;--awb-hover-color:#ededed;--awb-border-color:#ededed;--awb-background-color:#ededed;--awb-divider-color:#d1d1d1;--awb-divider-hover-color:#d1d1d1;--awb-icon-color:#ff9800;--awb-title-color:#f18c00;--awb-content-color:rgba(41,49,51,0.8);--awb-icon-box-color:#ffffff;--awb-toggle-hover-accent-color:#181818;--awb-title-font-family:&quot;Mulish&quot;;--awb-title-font-weight:800;--awb-title-font-style:normal;--awb-title-font-size:1.2em;--awb-content-font-family:&quot;Mulish&quot;;--awb-content-font-style:normal;--awb-content-font-weight:600;\"><div class=\"panel-group fusion-toggle-icon-right fusion-toggle-icon-unboxed\" id=\"accordion-3286-1\"><div class=\"fusion-panel panel-default panel-d4e12e4a479d344aa fusion-toggle-no-divider fusion-toggle-boxed-mode\" style=\"--awb-title-color:#f18c00;--awb-content-color:rgba(41,49,51,0.8);\"><div class=\"panel-heading\"><h4 class=\"panel-title toggle\" id=\"toggle_d4e12e4a479d344aa\"><a aria-expanded=\"false\" aria-controls=\"d4e12e4a479d344aa\" role=\"button\" data-toggle=\"collapse\" data-parent=\"#accordion-3286-1\" data-target=\"#d4e12e4a479d344aa\" href=\"#d4e12e4a479d344aa\"><span class=\"fusion-toggle-icon-wrapper\" aria-hidden=\"true\"><i class=\"fa-fusion-box active-icon awb-icon-minus\" aria-hidden=\"true\"><\/i><i class=\"fa-fusion-box inactive-icon awb-icon-plus\" aria-hidden=\"true\"><\/i><\/span><span class=\"fusion-toggle-heading\">Steuerfachangestellte\/r (m\/w\/d)<\/span><\/a><\/h4><\/div><div id=\"d4e12e4a479d344aa\" class=\"panel-collapse collapse \" aria-labelledby=\"toggle_d4e12e4a479d344aa\"><div class=\"panel-body toggle-content fusion-clearfix\">\n<p><strong>Verst\u00e4rkung f\u00fcr unser Team gesucht (Teilzeit)<\/strong><\/p>\n<p>Zur Erweiterung unseres Teams suchen wir ab sofort eine engagierte Unterst\u00fctzung in Teilzeit.<\/p>\n<p><strong>Gesuchte Position:<\/strong><br \/>\nSteuerfachangestellte\/r (m\/w\/d)<br \/>\noder Quereinsteiger\/in mit Erfahrung in der Buchhaltung<\/p>\n<p><strong>Ihre Aufgaben:<\/strong><\/p>\n<ul>\n<li>Vorbereitung der Unterlagen f\u00fcr den Steuerberater<\/li>\n<li>Unterst\u00fctzung in der laufenden Buchhaltung<\/li>\n<li>Allgemeine administrative T\u00e4tigkeiten im Rechnungswesen<\/li>\n<li>Betreuung der Kassenbuchhaltung sowie der Kreditkartenabrechnungen<\/li>\n<li>\u00dcberwachung, Abstimmung und Kl\u00e4rung offener Posten<\/li>\n<\/ul>\n<p><strong>Ihr Profil:<\/strong><\/p>\n<ul>\n<li>Abgeschlossene Ausbildung als Steuerfachangestellte\/r oder praktische Erfahrung in der Buchhaltung<\/li>\n<li>Sorgf\u00e4ltige, strukturierte und selbstst\u00e4ndige Arbeitsweise<\/li>\n<li>Zuverl\u00e4ssigkeit und Verantwortungsbewusstsein<\/li>\n<li>Sicherer Umgang mit MS Office und einem ERP-System<\/li>\n<\/ul>\n<p><strong>Wir bieten:<\/strong><\/p>\n<ul>\n<li>Leistungsgerechte Verg\u00fctung<\/li>\n<li>Flexible Arbeitszeiten (Teilzeit)<\/li>\n<li>Ein angenehmes und kollegiales Arbeitsumfeld<\/li>\n<li>Flache Hierarchien und kurze Entscheidungswege<\/li>\n<\/ul>\n<p>Wenn Sie eine verantwortungsvolle Aufgabe in einem freundlichen und flexiblen Arbeitsumfeld suchen, freuen wir uns auf Ihre Bewerbung!<\/p>\n<p>F\u00fcr weitere Informationen oder zur \u00dcbersendung Ihrer Bewerbungsunterlagen wenden Sie sich bitte an Frau Svenja M\u00fcller unter\u00a0<a href=\"mailto:s.mueller@orbitalservice.de\">s.mueller@orbitalservice.de<\/a>\u00a0oder telefonisch unter +49 (0) 6092 822 94-15.<\/p>\n<p><a href=\"https:\/\/orbitalservice-group.com\/wp-content\/uploads\/Steuerfachangestellte.pdf\" target=\"_blank\" rel=\"noopener\">PDF Download Stellenbeschreibung<\/a><\/p>\n<\/div><\/div><\/div><div class=\"fusion-panel panel-default panel-88d3f4573d44d13b2 fusion-toggle-no-divider fusion-toggle-boxed-mode\" style=\"--awb-title-color:#f18c00;--awb-content-color:rgba(41,49,51,0.8);\"><div class=\"panel-heading\"><h4 class=\"panel-title toggle\" id=\"toggle_88d3f4573d44d13b2\"><a aria-expanded=\"false\" aria-controls=\"88d3f4573d44d13b2\" role=\"button\" data-toggle=\"collapse\" data-parent=\"#accordion-3286-1\" data-target=\"#88d3f4573d44d13b2\" href=\"#88d3f4573d44d13b2\"><span class=\"fusion-toggle-icon-wrapper\" aria-hidden=\"true\"><i class=\"fa-fusion-box active-icon awb-icon-minus\" aria-hidden=\"true\"><\/i><i class=\"fa-fusion-box inactive-icon awb-icon-plus\" aria-hidden=\"true\"><\/i><\/span><span class=\"fusion-toggle-heading\">WERKSTATTMITARBEITER (m\/w\/d) in Vollzeit<\/span><\/a><\/h4><\/div><div id=\"88d3f4573d44d13b2\" class=\"panel-collapse collapse \" aria-labelledby=\"toggle_88d3f4573d44d13b2\"><div class=\"panel-body toggle-content fusion-clearfix\">\n<p>Die Orbitalservice GmbH mit Sitz in Heimbuchenthal ist ein f\u00fchrender Entwickler und Hersteller von Orbitalschwei\u00df-technik und Zubeh\u00f6r. Mit Erfahrung von mehr als 30 Jahren ist es stets unser Ziel, Schwei\u00dfanlagen entsprechend den Anforderungen am Markt zu entwickeln.<span class=\"Apple-converted-space\">\u00a0<\/span><\/p>\n<p><b>ZUR VERST\u00c4RKUNG UNSERES TEAMS AM STANDORT IN HEIMBUCHENTHAL, SUCHEN WIR ZUM N\u00c4CHSTM\u00d6GLICHEN ZEITPUNKT EINEN<span class=\"Apple-converted-space\">\u00a0<\/span><\/b><\/p>\n<h3><b>Aufgaben und Voraussetzungen:<span class=\"Apple-converted-space\">\u00a0<\/span><\/b><\/h3>\n<ul>\n<li>Montage von Orbitalschwei\u00dfanlagen, Schwei\u00dfwerkzeugen und Restsauerstoffme\u00dfger\u00e4ten<\/li>\n<li>Reparaturen von Kundenger\u00e4ten<span class=\"Apple-converted-space\">\u00a0<\/span><\/li>\n<li>Durchf\u00fchrung von elektrischen Pr\u00fcfungen und Kalibrierungen unserer Ger\u00e4te<span class=\"Apple-converted-space\">\u00a0<\/span><\/li>\n<li>Zusammenstellen von Auftr\u00e4gen und Versand gerechtes Verpacken der Ware<span class=\"Apple-converted-space\">\u00a0<\/span><\/li>\n<li>Abgeschlossene Berufsausbildung in den Bereichen Elektrik, Maschinenbau<span class=\"Apple-converted-space\">\u00a0<\/span><\/li>\n<li style=\"list-style-type: none;\"><\/li>\n<\/ul>\n<h3><b>WAS WIR IHNEN BIETEN<span class=\"Apple-converted-space\">\u00a0<\/span><\/b><\/h3>\n<ul>\n<li>Einen voll ausgestatteten, modernen Arbeitsplatz<\/li>\n<li>Ein unbefristetes Arbeitsverh\u00e4ltnis in einem jungen, dynamischen Team<\/li>\n<li>Job Rad, Firmenevents, kostenlose Getr\u00e4nke<\/li>\n<li>Eine attraktive Verg\u00fctung mit 30 Tagen Urlaub<\/li>\n<li>M\u00f6glichkeiten, den eigenen Horizont zu erweitern<\/li>\n<\/ul>\n<p>Sollten Sie diese abwechslungsreichen und verantwortungsvollen Aufgaben ansprechen, dann z\u00f6gern Sie nicht, uns Ihre Bewerbungsunterlagen zukommen zu lassen. Bitte senden Sie Ihre Bewerbung als PDF unter Angabe des m\u00f6glichen Starttermins und Ihrer Gehaltsvorstellung an:<span class=\"Apple-converted-space\">\u00a0<\/span><\/p>\n<p>Orbitalservice GmbH<span class=\"Apple-converted-space\">\u00a0<\/span><\/p>\n<p>Herr Dirk Kunze<span class=\"Apple-converted-space\"><br \/>\n<\/span>Kreuzdelle 13<span class=\"Apple-converted-space\"><br \/>\n<\/span>63872 Heimbuchenthal<span class=\"Apple-converted-space\">\u00a0<\/span><\/p>\n<p>d.kunze@orbitalservice.de<span class=\"Apple-converted-space\">\u00a0<\/span><\/p>\n<p><b>WIR FREUEN UNS AUF IHRE BEWERBUNG UND STEHEN IHNEN BEI R\u00dcCKFRAGEN GERNE ZUR VERF\u00dcGUNG!<span class=\"Apple-converted-space\">\u00a0<\/span><\/b><\/p>\n<p><a href=\"https:\/\/orbitalservice-group.com\/wp-content\/uploads\/Stellenbeschreibung-2025_II.pdf\" target=\"_blank\" rel=\"noopener\">PDF Download Stellenbeschreibung<\/a><\/p>\n<\/div><\/div><\/div><\/div><\/div><\/div><\/div><\/div><\/div>\n","protected":false},"excerpt":{"rendered":"","protected":false},"author":5,"featured_media":0,"parent":0,"menu_order":0,"comment_status":"closed","ping_status":"closed","template":"","meta":{"footnotes":""},"class_list":["post-3286","page","type-page","status-publish","hentry"],"yoast_head":"<!-- This site is optimized with the Yoast SEO plugin v27.3 - https:\/\/yoast.com\/product\/yoast-seo-wordpress\/ -->\n<title>ORBITALSERVICE GmbH - Jobs<\/title>\n<meta name=\"robots\" content=\"index, follow, max-snippet:-1, max-image-preview:large, max-video-preview:-1\" \/>\n<link rel=\"canonical\" href=\"https:\/\/orbitalservice-group.com\/de\/jobs\/\" \/>\n<meta property=\"og:locale\" content=\"de_DE\" \/>\n<meta property=\"og:type\" content=\"article\" \/>\n<meta property=\"og:title\" content=\"ORBITALSERVICE GmbH - Jobs\" \/>\n<meta property=\"og:url\" content=\"https:\/\/orbitalservice-group.com\/de\/jobs\/\" \/>\n<meta property=\"og:site_name\" content=\"ORBITALSERVICE GmbH\" \/>\n<meta property=\"article:modified_time\" content=\"2026-02-18T12:51:07+00:00\" \/>\n<meta name=\"twitter:card\" content=\"summary_large_image\" \/>\n<meta name=\"twitter:label1\" content=\"Gesch\u00e4tzte Lesezeit\" \/>\n\t<meta name=\"twitter:data1\" content=\"3\u00a0Minuten\" \/>\n<script type=\"application\/ld+json\" class=\"yoast-schema-graph\">{\"@context\":\"https:\\\/\\\/schema.org\",\"@graph\":[{\"@type\":\"WebPage\",\"@id\":\"https:\\\/\\\/orbitalservice-group.com\\\/de\\\/jobs\\\/\",\"url\":\"https:\\\/\\\/orbitalservice-group.com\\\/de\\\/jobs\\\/\",\"name\":\"ORBITALSERVICE GmbH - Jobs\",\"isPartOf\":{\"@id\":\"https:\\\/\\\/orbitalservice-group.com\\\/de\\\/#website\"},\"datePublished\":\"2021-03-25T15:45:08+00:00\",\"dateModified\":\"2026-02-18T12:51:07+00:00\",\"breadcrumb\":{\"@id\":\"https:\\\/\\\/orbitalservice-group.com\\\/de\\\/jobs\\\/#breadcrumb\"},\"inLanguage\":\"de\",\"potentialAction\":[{\"@type\":\"ReadAction\",\"target\":[\"https:\\\/\\\/orbitalservice-group.com\\\/de\\\/jobs\\\/\"]}]},{\"@type\":\"BreadcrumbList\",\"@id\":\"https:\\\/\\\/orbitalservice-group.com\\\/de\\\/jobs\\\/#breadcrumb\",\"itemListElement\":[{\"@type\":\"ListItem\",\"position\":1,\"name\":\"Startseite\",\"item\":\"https:\\\/\\\/orbitalservice-group.com\\\/de\\\/\"},{\"@type\":\"ListItem\",\"position\":2,\"name\":\"Jobs\"}]},{\"@type\":\"WebSite\",\"@id\":\"https:\\\/\\\/orbitalservice-group.com\\\/de\\\/#website\",\"url\":\"https:\\\/\\\/orbitalservice-group.com\\\/de\\\/\",\"name\":\"ORBITALSERVICE GmbH\",\"description\":\"The future of orbital welding\",\"publisher\":{\"@id\":\"https:\\\/\\\/orbitalservice-group.com\\\/de\\\/#organization\"},\"potentialAction\":[{\"@type\":\"SearchAction\",\"target\":{\"@type\":\"EntryPoint\",\"urlTemplate\":\"https:\\\/\\\/orbitalservice-group.com\\\/de\\\/?s={search_term_string}\"},\"query-input\":{\"@type\":\"PropertyValueSpecification\",\"valueRequired\":true,\"valueName\":\"search_term_string\"}}],\"inLanguage\":\"de\"},{\"@type\":\"Organization\",\"@id\":\"https:\\\/\\\/orbitalservice-group.com\\\/de\\\/#organization\",\"name\":\"Orbitalservice GmbH\",\"url\":\"https:\\\/\\\/orbitalservice-group.com\\\/de\\\/\",\"logo\":{\"@type\":\"ImageObject\",\"inLanguage\":\"de\",\"@id\":\"https:\\\/\\\/orbitalservice-group.com\\\/de\\\/#\\\/schema\\\/logo\\\/image\\\/\",\"url\":\"https:\\\/\\\/orbitalservice-group.com\\\/wp-content\\\/uploads\\\/Orbitalservice-Logo_200.png\",\"contentUrl\":\"https:\\\/\\\/orbitalservice-group.com\\\/wp-content\\\/uploads\\\/Orbitalservice-Logo_200.png\",\"width\":200,\"height\":44,\"caption\":\"Orbitalservice GmbH\"},\"image\":{\"@id\":\"https:\\\/\\\/orbitalservice-group.com\\\/de\\\/#\\\/schema\\\/logo\\\/image\\\/\"}}]}<\/script>\n<!-- \/ Yoast SEO plugin. -->","yoast_head_json":{"title":"ORBITALSERVICE GmbH - Jobs","robots":{"index":"index","follow":"follow","max-snippet":"max-snippet:-1","max-image-preview":"max-image-preview:large","max-video-preview":"max-video-preview:-1"},"canonical":"https:\/\/orbitalservice-group.com\/de\/jobs\/","og_locale":"de_DE","og_type":"article","og_title":"ORBITALSERVICE GmbH - Jobs","og_url":"https:\/\/orbitalservice-group.com\/de\/jobs\/","og_site_name":"ORBITALSERVICE GmbH","article_modified_time":"2026-02-18T12:51:07+00:00","twitter_card":"summary_large_image","twitter_misc":{"Gesch\u00e4tzte Lesezeit":"3\u00a0Minuten"},"schema":{"@context":"https:\/\/schema.org","@graph":[{"@type":"WebPage","@id":"https:\/\/orbitalservice-group.com\/de\/jobs\/","url":"https:\/\/orbitalservice-group.com\/de\/jobs\/","name":"ORBITALSERVICE GmbH - Jobs","isPartOf":{"@id":"https:\/\/orbitalservice-group.com\/de\/#website"},"datePublished":"2021-03-25T15:45:08+00:00","dateModified":"2026-02-18T12:51:07+00:00","breadcrumb":{"@id":"https:\/\/orbitalservice-group.com\/de\/jobs\/#breadcrumb"},"inLanguage":"de","potentialAction":[{"@type":"ReadAction","target":["https:\/\/orbitalservice-group.com\/de\/jobs\/"]}]},{"@type":"BreadcrumbList","@id":"https:\/\/orbitalservice-group.com\/de\/jobs\/#breadcrumb","itemListElement":[{"@type":"ListItem","position":1,"name":"Startseite","item":"https:\/\/orbitalservice-group.com\/de\/"},{"@type":"ListItem","position":2,"name":"Jobs"}]},{"@type":"WebSite","@id":"https:\/\/orbitalservice-group.com\/de\/#website","url":"https:\/\/orbitalservice-group.com\/de\/","name":"ORBITALSERVICE GmbH","description":"The future of orbital welding","publisher":{"@id":"https:\/\/orbitalservice-group.com\/de\/#organization"},"potentialAction":[{"@type":"SearchAction","target":{"@type":"EntryPoint","urlTemplate":"https:\/\/orbitalservice-group.com\/de\/?s={search_term_string}"},"query-input":{"@type":"PropertyValueSpecification","valueRequired":true,"valueName":"search_term_string"}}],"inLanguage":"de"},{"@type":"Organization","@id":"https:\/\/orbitalservice-group.com\/de\/#organization","name":"Orbitalservice GmbH","url":"https:\/\/orbitalservice-group.com\/de\/","logo":{"@type":"ImageObject","inLanguage":"de","@id":"https:\/\/orbitalservice-group.com\/de\/#\/schema\/logo\/image\/","url":"https:\/\/orbitalservice-group.com\/wp-content\/uploads\/Orbitalservice-Logo_200.png","contentUrl":"https:\/\/orbitalservice-group.com\/wp-content\/uploads\/Orbitalservice-Logo_200.png","width":200,"height":44,"caption":"Orbitalservice GmbH"},"image":{"@id":"https:\/\/orbitalservice-group.com\/de\/#\/schema\/logo\/image\/"}}]}},"_links":{"self":[{"href":"https:\/\/orbitalservice-group.com\/de\/wp-json\/wp\/v2\/pages\/3286","targetHints":{"allow":["GET"]}}],"collection":[{"href":"https:\/\/orbitalservice-group.com\/de\/wp-json\/wp\/v2\/pages"}],"about":[{"href":"https:\/\/orbitalservice-group.com\/de\/wp-json\/wp\/v2\/types\/page"}],"author":[{"embeddable":true,"href":"https:\/\/orbitalservice-group.com\/de\/wp-json\/wp\/v2\/users\/5"}],"replies":[{"embeddable":true,"href":"https:\/\/orbitalservice-group.com\/de\/wp-json\/wp\/v2\/comments?post=3286"}],"version-history":[{"count":23,"href":"https:\/\/orbitalservice-group.com\/de\/wp-json\/wp\/v2\/pages\/3286\/revisions"}],"predecessor-version":[{"id":7599,"href":"https:\/\/orbitalservice-group.com\/de\/wp-json\/wp\/v2\/pages\/3286\/revisions\/7599"}],"wp:attachment":[{"href":"https:\/\/orbitalservice-group.com\/de\/wp-json\/wp\/v2\/media?parent=3286"}],"curies":[{"name":"wp","href":"https:\/\/api.w.org\/{rel}","templated":true}]}}