{"id":1862,"date":"2019-09-09T20:33:29","date_gmt":"2019-09-09T18:33:29","guid":{"rendered":"http:\/\/yourcase-koffer.de\/?page_id=1862"},"modified":"2020-01-08T16:16:53","modified_gmt":"2020-01-08T15:16:53","slug":"nachhaltigkeit","status":"publish","type":"page","link":"https:\/\/orbitalservice-group.com\/de\/nachhaltigkeit\/","title":{"rendered":"Nachhaltigkeit"},"content":{"rendered":"<p><div class=\"fusion-fullwidth fullwidth-box fusion-builder-row-1 nonhundred-percent-fullwidth non-hundred-percent-height-scrolling\" style=\"--awb-border-radius-top-left:0px;--awb-border-radius-top-right:0px;--awb-border-radius-bottom-right:0px;--awb-border-radius-bottom-left:0px;--awb-padding-bottom:6%;--awb-flex-wrap:wrap;\" ><div class=\"fusion-builder-row fusion-row\"><div class=\"fusion-layout-column fusion_builder_column fusion-builder-column-0 fusion_builder_column_1_2 1_2 fusion-one-half fusion-column-first\" style=\"--awb-bg-size:cover;--awb-margin-top:5%;width:50%;width:calc(50% - ( ( 4% ) * 0.5 ) );margin-right: 4%;\"><div class=\"fusion-column-wrapper fusion-column-has-shadow fusion-flex-column-wrapper-legacy\"><div class=\"fusion-title title fusion-title-1 fusion-sep-none fusion-title-text fusion-title-size-three\"><h3 class=\"fusion-title-heading title-heading-left fusion-responsive-typography-calculated\" style=\"margin:0;--fontSize:27;--minFontSize:27;line-height:1.5;\">Nachhaltigkeit geht uns alle an<\/h3><\/div><div class=\"fusion-text fusion-text-1\"><p>Nachhaltigkeit geht uns alle an. Dabei ist f\u00fcr uns die Langlebigkeit unserer Produkte zwar ein guter Aspekt f\u00fcr die Nachhaltigkeit, jedoch bei weitem noch nicht genug. Daher produzieren wir mit eigens produziertem \u00d6ko-Solarstrom.<br \/>\nSowohl auf unserem Hauptgeb\u00e4ude, als auch auf dem Dach unseres Werk II befinden Sich fl\u00e4chendeckend Solarpanels, um unser Unternehmen mit frischen Sonnenenergie zu versorgen.<\/p>\n<\/div><div class=\"fusion-clearfix\"><\/div><\/div><\/div><div class=\"fusion-layout-column fusion_builder_column fusion-builder-column-1 fusion_builder_column_1_2 1_2 fusion-one-half fusion-column-last\" style=\"--awb-bg-size:cover;--awb-margin-top:5%;width:50%;width:calc(50% - ( ( 4% ) * 0.5 ) );\"><div class=\"fusion-column-wrapper fusion-column-has-shadow fusion-flex-column-wrapper-legacy\"><div class=\"fusion-image-element in-legacy-container\" style=\"--awb-caption-title-font-family:var(--h2_typography-font-family);--awb-caption-title-font-weight:var(--h2_typography-font-weight);--awb-caption-title-font-style:var(--h2_typography-font-style);--awb-caption-title-size:var(--h2_typography-font-size);--awb-caption-title-transform:var(--h2_typography-text-transform);--awb-caption-title-line-height:var(--h2_typography-line-height);--awb-caption-title-letter-spacing:var(--h2_typography-letter-spacing);\"><span class=\" fusion-imageframe imageframe-none imageframe-1 hover-type-none\"><img decoding=\"async\" width=\"1200\" height=\"1200\" alt=\"Orbitalservice-Nachhaltigkeit-Solarenergie\" title=\"Orbitalservice-Nachhaltigkeit-Solarenergie\" src=\"https:\/\/orbitalservice-group.com\/wp-content\/uploads\/Orbitalservice-Nachhaltigkeit-Solarenergie.jpg\" data-orig-src=\"https:\/\/orbitalservice-group.com\/wp-content\/uploads\/Orbitalservice-Nachhaltigkeit-Solarenergie.jpg\" class=\"lazyload img-responsive wp-image-2337\" srcset=\"data:image\/svg+xml,%3Csvg%20xmlns%3D%27http%3A%2F%2Fwww.w3.org%2F2000%2Fsvg%27%20width%3D%271200%27%20height%3D%271200%27%20viewBox%3D%270%200%201200%201200%27%3E%3Crect%20width%3D%271200%27%20height%3D%271200%27%20fill-opacity%3D%220%22%2F%3E%3C%2Fsvg%3E\" data-srcset=\"https:\/\/orbitalservice-group.com\/wp-content\/uploads\/Orbitalservice-Nachhaltigkeit-Solarenergie-200x200.jpg 200w, https:\/\/orbitalservice-group.com\/wp-content\/uploads\/Orbitalservice-Nachhaltigkeit-Solarenergie-400x400.jpg 400w, https:\/\/orbitalservice-group.com\/wp-content\/uploads\/Orbitalservice-Nachhaltigkeit-Solarenergie-600x600.jpg 600w, https:\/\/orbitalservice-group.com\/wp-content\/uploads\/Orbitalservice-Nachhaltigkeit-Solarenergie-800x800.jpg 800w, https:\/\/orbitalservice-group.com\/wp-content\/uploads\/Orbitalservice-Nachhaltigkeit-Solarenergie.jpg 1200w\" data-sizes=\"auto\" data-orig-sizes=\"(max-width: 1024px) 100vw, 800px\" \/><\/span><\/div><div class=\"fusion-clearfix\"><\/div><\/div><\/div><\/div><\/div><div class=\"fusion-fullwidth fullwidth-box fusion-builder-row-2 nonhundred-percent-fullwidth non-hundred-percent-height-scrolling\" style=\"--awb-border-radius-top-left:0px;--awb-border-radius-top-right:0px;--awb-border-radius-bottom-right:0px;--awb-border-radius-bottom-left:0px;--awb-flex-wrap:wrap;\" ><div class=\"fusion-builder-row fusion-row\"><div class=\"fusion-layout-column fusion_builder_column fusion-builder-column-2 fusion_builder_column_1_1 1_1 fusion-one-full fusion-column-first fusion-column-last\" style=\"--awb-padding-top:3%;--awb-padding-right:3%;--awb-padding-bottom:3%;--awb-padding-left:3%;--awb-bg-size:cover;--awb-box-shadow:0px 20px 50px 0px #eaeaea;;--awb-border-color:#293133;--awb-border-top:0;--awb-border-right:0;--awb-border-bottom:0;--awb-border-left:0;--awb-border-style:solid;--awb-margin-bottom:0px;\"><div class=\"fusion-column-wrapper fusion-column-has-shadow fusion-flex-column-wrapper-legacy\"><div class=\"fusion-builder-row fusion-builder-row-inner fusion-row\"><div class=\"fusion-layout-column fusion_builder_column_inner fusion-builder-nested-column-0 fusion_builder_column_inner_1_1 1_1 fusion-one-full fusion-column-first fusion-column-last\" style=\"--awb-padding-top:30px;--awb-padding-right:12%;--awb-padding-bottom:30px;--awb-padding-left:12%;--awb-bg-size:cover;--awb-border-color:#293133;--awb-border-top:4px;--awb-border-right:4px;--awb-border-bottom:4px;--awb-border-left:4px;--awb-border-style:solid;--awb-margin-top:0px;--awb-margin-bottom:0px;\"><div class=\"fusion-column-wrapper fusion-column-has-shadow fusion-flex-column-wrapper-legacy\"><div class=\"fusion-text fusion-text-2\"><p style=\"text-align: center;\">Sie haben Fragen zu unseren Produkten oder m\u00f6chten ein individuelles Angebot? Sprechen Sie uns gerne an.<\/p>\n<\/div><div class=\"fusion-aligncenter\"><a class=\"fusion-button button-flat fusion-button-default-size button-custom fusion-button-default button-1 fusion-button-default-span fusion-button-default-type\" style=\"--button_accent_color:#ffffff;--button_accent_hover_color:#111111;--button_border_hover_color:#111111;--button_gradient_top_color:#111111;--button_gradient_bottom_color:#111111;--button_gradient_top_color_hover:#ffffff;--button_gradient_bottom_color_hover:#ffffff;\" target=\"_self\" href=\"https:\/\/orbitalservice-group.com\/contact\/\"><span class=\"fusion-button-text awb-button__text awb-button__text--default\">Kontakt aufnehmen<\/span><\/a><\/div><div class=\"fusion-clearfix\"><\/div><\/div><\/div><\/div><div class=\"fusion-clearfix\"><\/div><\/div><\/div><\/div><\/div>\n<\/p>\n","protected":false},"excerpt":{"rendered":"","protected":false},"author":5,"featured_media":0,"parent":0,"menu_order":0,"comment_status":"closed","ping_status":"closed","template":"100-width.php","meta":{"footnotes":""},"class_list":["post-1862","page","type-page","status-publish","hentry"],"yoast_head":"<!-- This site is optimized with the Yoast SEO plugin v27.3 - https:\/\/yoast.com\/product\/yoast-seo-wordpress\/ -->\n<title>ORBITALSERVICE GmbH - Nachhaltigkeit<\/title>\n<meta name=\"robots\" content=\"index, follow, max-snippet:-1, max-image-preview:large, max-video-preview:-1\" \/>\n<link rel=\"canonical\" href=\"https:\/\/orbitalservice-group.com\/de\/nachhaltigkeit\/\" \/>\n<meta property=\"og:locale\" content=\"de_DE\" \/>\n<meta property=\"og:type\" content=\"article\" \/>\n<meta property=\"og:title\" content=\"ORBITALSERVICE GmbH - Nachhaltigkeit\" \/>\n<meta property=\"og:url\" content=\"https:\/\/orbitalservice-group.com\/de\/nachhaltigkeit\/\" \/>\n<meta property=\"og:site_name\" content=\"ORBITALSERVICE GmbH\" \/>\n<meta property=\"article:modified_time\" content=\"2020-01-08T15:16:53+00:00\" \/>\n<meta name=\"twitter:card\" content=\"summary_large_image\" \/>\n<meta name=\"twitter:label1\" content=\"Gesch\u00e4tzte Lesezeit\" \/>\n\t<meta name=\"twitter:data1\" content=\"3\u00a0Minuten\" \/>\n<script type=\"application\/ld+json\" class=\"yoast-schema-graph\">{\"@context\":\"https:\\\/\\\/schema.org\",\"@graph\":[{\"@type\":\"WebPage\",\"@id\":\"https:\\\/\\\/orbitalservice-group.com\\\/de\\\/nachhaltigkeit\\\/\",\"url\":\"https:\\\/\\\/orbitalservice-group.com\\\/de\\\/nachhaltigkeit\\\/\",\"name\":\"ORBITALSERVICE GmbH - Nachhaltigkeit\",\"isPartOf\":{\"@id\":\"https:\\\/\\\/orbitalservice-group.com\\\/de\\\/#website\"},\"datePublished\":\"2019-09-09T18:33:29+00:00\",\"dateModified\":\"2020-01-08T15:16:53+00:00\",\"breadcrumb\":{\"@id\":\"https:\\\/\\\/orbitalservice-group.com\\\/de\\\/nachhaltigkeit\\\/#breadcrumb\"},\"inLanguage\":\"de\",\"potentialAction\":[{\"@type\":\"ReadAction\",\"target\":[\"https:\\\/\\\/orbitalservice-group.com\\\/de\\\/nachhaltigkeit\\\/\"]}]},{\"@type\":\"BreadcrumbList\",\"@id\":\"https:\\\/\\\/orbitalservice-group.com\\\/de\\\/nachhaltigkeit\\\/#breadcrumb\",\"itemListElement\":[{\"@type\":\"ListItem\",\"position\":1,\"name\":\"Startseite\",\"item\":\"https:\\\/\\\/orbitalservice-group.com\\\/de\\\/\"},{\"@type\":\"ListItem\",\"position\":2,\"name\":\"Nachhaltigkeit\"}]},{\"@type\":\"WebSite\",\"@id\":\"https:\\\/\\\/orbitalservice-group.com\\\/de\\\/#website\",\"url\":\"https:\\\/\\\/orbitalservice-group.com\\\/de\\\/\",\"name\":\"ORBITALSERVICE GmbH\",\"description\":\"The future of orbital welding\",\"publisher\":{\"@id\":\"https:\\\/\\\/orbitalservice-group.com\\\/de\\\/#organization\"},\"potentialAction\":[{\"@type\":\"SearchAction\",\"target\":{\"@type\":\"EntryPoint\",\"urlTemplate\":\"https:\\\/\\\/orbitalservice-group.com\\\/de\\\/?s={search_term_string}\"},\"query-input\":{\"@type\":\"PropertyValueSpecification\",\"valueRequired\":true,\"valueName\":\"search_term_string\"}}],\"inLanguage\":\"de\"},{\"@type\":\"Organization\",\"@id\":\"https:\\\/\\\/orbitalservice-group.com\\\/de\\\/#organization\",\"name\":\"Orbitalservice GmbH\",\"url\":\"https:\\\/\\\/orbitalservice-group.com\\\/de\\\/\",\"logo\":{\"@type\":\"ImageObject\",\"inLanguage\":\"de\",\"@id\":\"https:\\\/\\\/orbitalservice-group.com\\\/de\\\/#\\\/schema\\\/logo\\\/image\\\/\",\"url\":\"https:\\\/\\\/orbitalservice-group.com\\\/wp-content\\\/uploads\\\/Orbitalservice-Logo_200.png\",\"contentUrl\":\"https:\\\/\\\/orbitalservice-group.com\\\/wp-content\\\/uploads\\\/Orbitalservice-Logo_200.png\",\"width\":200,\"height\":44,\"caption\":\"Orbitalservice GmbH\"},\"image\":{\"@id\":\"https:\\\/\\\/orbitalservice-group.com\\\/de\\\/#\\\/schema\\\/logo\\\/image\\\/\"}}]}<\/script>\n<!-- \/ Yoast SEO plugin. -->","yoast_head_json":{"title":"ORBITALSERVICE GmbH - Nachhaltigkeit","robots":{"index":"index","follow":"follow","max-snippet":"max-snippet:-1","max-image-preview":"max-image-preview:large","max-video-preview":"max-video-preview:-1"},"canonical":"https:\/\/orbitalservice-group.com\/de\/nachhaltigkeit\/","og_locale":"de_DE","og_type":"article","og_title":"ORBITALSERVICE GmbH - Nachhaltigkeit","og_url":"https:\/\/orbitalservice-group.com\/de\/nachhaltigkeit\/","og_site_name":"ORBITALSERVICE GmbH","article_modified_time":"2020-01-08T15:16:53+00:00","twitter_card":"summary_large_image","twitter_misc":{"Gesch\u00e4tzte Lesezeit":"3\u00a0Minuten"},"schema":{"@context":"https:\/\/schema.org","@graph":[{"@type":"WebPage","@id":"https:\/\/orbitalservice-group.com\/de\/nachhaltigkeit\/","url":"https:\/\/orbitalservice-group.com\/de\/nachhaltigkeit\/","name":"ORBITALSERVICE GmbH - Nachhaltigkeit","isPartOf":{"@id":"https:\/\/orbitalservice-group.com\/de\/#website"},"datePublished":"2019-09-09T18:33:29+00:00","dateModified":"2020-01-08T15:16:53+00:00","breadcrumb":{"@id":"https:\/\/orbitalservice-group.com\/de\/nachhaltigkeit\/#breadcrumb"},"inLanguage":"de","potentialAction":[{"@type":"ReadAction","target":["https:\/\/orbitalservice-group.com\/de\/nachhaltigkeit\/"]}]},{"@type":"BreadcrumbList","@id":"https:\/\/orbitalservice-group.com\/de\/nachhaltigkeit\/#breadcrumb","itemListElement":[{"@type":"ListItem","position":1,"name":"Startseite","item":"https:\/\/orbitalservice-group.com\/de\/"},{"@type":"ListItem","position":2,"name":"Nachhaltigkeit"}]},{"@type":"WebSite","@id":"https:\/\/orbitalservice-group.com\/de\/#website","url":"https:\/\/orbitalservice-group.com\/de\/","name":"ORBITALSERVICE GmbH","description":"The future of orbital welding","publisher":{"@id":"https:\/\/orbitalservice-group.com\/de\/#organization"},"potentialAction":[{"@type":"SearchAction","target":{"@type":"EntryPoint","urlTemplate":"https:\/\/orbitalservice-group.com\/de\/?s={search_term_string}"},"query-input":{"@type":"PropertyValueSpecification","valueRequired":true,"valueName":"search_term_string"}}],"inLanguage":"de"},{"@type":"Organization","@id":"https:\/\/orbitalservice-group.com\/de\/#organization","name":"Orbitalservice GmbH","url":"https:\/\/orbitalservice-group.com\/de\/","logo":{"@type":"ImageObject","inLanguage":"de","@id":"https:\/\/orbitalservice-group.com\/de\/#\/schema\/logo\/image\/","url":"https:\/\/orbitalservice-group.com\/wp-content\/uploads\/Orbitalservice-Logo_200.png","contentUrl":"https:\/\/orbitalservice-group.com\/wp-content\/uploads\/Orbitalservice-Logo_200.png","width":200,"height":44,"caption":"Orbitalservice GmbH"},"image":{"@id":"https:\/\/orbitalservice-group.com\/de\/#\/schema\/logo\/image\/"}}]}},"_links":{"self":[{"href":"https:\/\/orbitalservice-group.com\/de\/wp-json\/wp\/v2\/pages\/1862","targetHints":{"allow":["GET"]}}],"collection":[{"href":"https:\/\/orbitalservice-group.com\/de\/wp-json\/wp\/v2\/pages"}],"about":[{"href":"https:\/\/orbitalservice-group.com\/de\/wp-json\/wp\/v2\/types\/page"}],"author":[{"embeddable":true,"href":"https:\/\/orbitalservice-group.com\/de\/wp-json\/wp\/v2\/users\/5"}],"replies":[{"embeddable":true,"href":"https:\/\/orbitalservice-group.com\/de\/wp-json\/wp\/v2\/comments?post=1862"}],"version-history":[{"count":6,"href":"https:\/\/orbitalservice-group.com\/de\/wp-json\/wp\/v2\/pages\/1862\/revisions"}],"predecessor-version":[{"id":2339,"href":"https:\/\/orbitalservice-group.com\/de\/wp-json\/wp\/v2\/pages\/1862\/revisions\/2339"}],"wp:attachment":[{"href":"https:\/\/orbitalservice-group.com\/de\/wp-json\/wp\/v2\/media?parent=1862"}],"curies":[{"name":"wp","href":"https:\/\/api.w.org\/{rel}","templated":true}]}}