{"id":1856,"date":"2019-09-09T20:31:44","date_gmt":"2019-09-09T18:31:44","guid":{"rendered":"http:\/\/yourcase-koffer.de\/?page_id=1856"},"modified":"2020-01-08T14:22:11","modified_gmt":"2020-01-08T13:22:11","slug":"innovationen","status":"publish","type":"page","link":"https:\/\/orbitalservice-group.com\/de\/innovationen\/","title":{"rendered":"Innovationen"},"content":{"rendered":"<p><div class=\"fusion-fullwidth fullwidth-box fusion-builder-row-1 nonhundred-percent-fullwidth non-hundred-percent-height-scrolling\" style=\"--awb-border-radius-top-left:0px;--awb-border-radius-top-right:0px;--awb-border-radius-bottom-right:0px;--awb-border-radius-bottom-left:0px;--awb-padding-bottom:6%;--awb-flex-wrap:wrap;\" ><div class=\"fusion-builder-row fusion-row\"><div class=\"fusion-layout-column fusion_builder_column fusion-builder-column-0 fusion_builder_column_1_2 1_2 fusion-one-half fusion-column-first\" style=\"--awb-bg-size:cover;width:50%;width:calc(50% - ( ( 4% ) * 0.5 ) );margin-right: 4%;\"><div class=\"fusion-column-wrapper fusion-column-has-shadow fusion-flex-column-wrapper-legacy\"><div class=\"fusion-title title fusion-title-1 fusion-sep-none fusion-title-text fusion-title-size-three\"><h3 class=\"fusion-title-heading title-heading-left fusion-responsive-typography-calculated\" style=\"margin:0;--fontSize:27;--minFontSize:27;line-height:1.5;\">Immer einen Schritt voraus<\/h3><\/div><div class=\"fusion-text fusion-text-1\"><p>Wir stecken viel Zeit und Leidenschaft in neue Ideen um das Orbitalschweissen mit innovativen Produkten zu verbessern und zu vereinfachen.<\/p>\n<p>Dank Jahrzehnte langer Erfahrung in der Branche und hoher Affinit\u00e4t sowohl zu neuen Technologien, als auch branchen-neuartigen Designs, sind wir dem Markt mit unseren Produkten immer einen Schritt voraus und denken immer einen Schritt weiter.<\/p>\n<p>Durch engen Kontakt und regen Austausch zu unseren Kunden und Technologie-Partnern sowie umfassender Erfahrungen, bekommen wir ein gutes Gef\u00fchl \u00fcber den Marktanspruch und neue, potentielle M\u00f6glichkeiten, die sich in der Industrie f\u00fcr uns er\u00f6ffnen.<\/p>\n<\/div><div class=\"fusion-clearfix\"><\/div><\/div><\/div><div class=\"fusion-layout-column fusion_builder_column fusion-builder-column-1 fusion_builder_column_1_2 1_2 fusion-one-half fusion-column-last\" style=\"--awb-bg-size:cover;--awb-margin-top:5%;width:50%;width:calc(50% - ( ( 4% ) * 0.5 ) );\"><div class=\"fusion-column-wrapper fusion-column-has-shadow fusion-flex-column-wrapper-legacy\"><div class=\"fusion-image-element in-legacy-container\" style=\"--awb-caption-title-font-family:var(--h2_typography-font-family);--awb-caption-title-font-weight:var(--h2_typography-font-weight);--awb-caption-title-font-style:var(--h2_typography-font-style);--awb-caption-title-size:var(--h2_typography-font-size);--awb-caption-title-transform:var(--h2_typography-text-transform);--awb-caption-title-line-height:var(--h2_typography-line-height);--awb-caption-title-letter-spacing:var(--h2_typography-letter-spacing);\"><span class=\" fusion-imageframe imageframe-none imageframe-1 hover-type-none\"><img decoding=\"async\" width=\"1500\" height=\"1500\" alt=\"Orbitalservice-Restsauerstoffmessgeraete-oxygen_analyzers-min\" title=\"Orbitalservice-Restsauerstoffmessgeraete-oxygen_analyzers-min\" src=\"https:\/\/orbitalservice-group.com\/wp-content\/uploads\/Orbitalservice-Restsauerstoffmessgeraete-oxygen_analyzers-min.jpg\" data-orig-src=\"https:\/\/orbitalservice-group.com\/wp-content\/uploads\/Orbitalservice-Restsauerstoffmessgeraete-oxygen_analyzers-min.jpg\" class=\"lazyload img-responsive wp-image-1303\" srcset=\"data:image\/svg+xml,%3Csvg%20xmlns%3D%27http%3A%2F%2Fwww.w3.org%2F2000%2Fsvg%27%20width%3D%271500%27%20height%3D%271500%27%20viewBox%3D%270%200%201500%201500%27%3E%3Crect%20width%3D%271500%27%20height%3D%271500%27%20fill-opacity%3D%220%22%2F%3E%3C%2Fsvg%3E\" data-srcset=\"https:\/\/orbitalservice-group.com\/wp-content\/uploads\/Orbitalservice-Restsauerstoffmessgeraete-oxygen_analyzers-min-200x200.jpg 200w, https:\/\/orbitalservice-group.com\/wp-content\/uploads\/Orbitalservice-Restsauerstoffmessgeraete-oxygen_analyzers-min-400x400.jpg 400w, https:\/\/orbitalservice-group.com\/wp-content\/uploads\/Orbitalservice-Restsauerstoffmessgeraete-oxygen_analyzers-min-600x600.jpg 600w, https:\/\/orbitalservice-group.com\/wp-content\/uploads\/Orbitalservice-Restsauerstoffmessgeraete-oxygen_analyzers-min-800x800.jpg 800w, https:\/\/orbitalservice-group.com\/wp-content\/uploads\/Orbitalservice-Restsauerstoffmessgeraete-oxygen_analyzers-min-1200x1200.jpg 1200w, https:\/\/orbitalservice-group.com\/wp-content\/uploads\/Orbitalservice-Restsauerstoffmessgeraete-oxygen_analyzers-min.jpg 1500w\" data-sizes=\"auto\" data-orig-sizes=\"(max-width: 1024px) 100vw, 800px\" \/><\/span><\/div><div class=\"fusion-clearfix\"><\/div><\/div><\/div><\/div><\/div><div class=\"fusion-fullwidth fullwidth-box fusion-builder-row-2 nonhundred-percent-fullwidth non-hundred-percent-height-scrolling\" style=\"--awb-border-radius-top-left:0px;--awb-border-radius-top-right:0px;--awb-border-radius-bottom-right:0px;--awb-border-radius-bottom-left:0px;--awb-flex-wrap:wrap;\" ><div class=\"fusion-builder-row fusion-row\"><div class=\"fusion-layout-column fusion_builder_column fusion-builder-column-2 fusion_builder_column_1_1 1_1 fusion-one-full fusion-column-first fusion-column-last\" style=\"--awb-padding-top:3%;--awb-padding-right:3%;--awb-padding-bottom:3%;--awb-padding-left:3%;--awb-bg-size:cover;--awb-box-shadow:0px 20px 50px 0px #eaeaea;;--awb-border-color:#293133;--awb-border-top:0;--awb-border-right:0;--awb-border-bottom:0;--awb-border-left:0;--awb-border-style:solid;--awb-margin-bottom:0px;\"><div class=\"fusion-column-wrapper fusion-column-has-shadow fusion-flex-column-wrapper-legacy\"><div class=\"fusion-builder-row fusion-builder-row-inner fusion-row\"><div class=\"fusion-layout-column fusion_builder_column_inner fusion-builder-nested-column-0 fusion_builder_column_inner_1_1 1_1 fusion-one-full fusion-column-first fusion-column-last\" style=\"--awb-padding-top:30px;--awb-padding-right:12%;--awb-padding-bottom:30px;--awb-padding-left:12%;--awb-bg-size:cover;--awb-border-color:#293133;--awb-border-top:4px;--awb-border-right:4px;--awb-border-bottom:4px;--awb-border-left:4px;--awb-border-style:solid;--awb-margin-top:0px;--awb-margin-bottom:0px;\"><div class=\"fusion-column-wrapper fusion-column-has-shadow fusion-flex-column-wrapper-legacy\"><div class=\"fusion-text fusion-text-2\"><p style=\"text-align: center;\">Sie haben Fragen zu unseren Produkten oder m\u00f6chten ein individuelles Angebot? Sprechen Sie uns gerne an.<\/p>\n<\/div><div class=\"fusion-aligncenter\"><a class=\"fusion-button button-flat fusion-button-default-size button-custom fusion-button-default button-1 fusion-button-default-span fusion-button-default-type\" style=\"--button_accent_color:#ffffff;--button_accent_hover_color:#111111;--button_border_hover_color:#111111;--button_gradient_top_color:#111111;--button_gradient_bottom_color:#111111;--button_gradient_top_color_hover:#ffffff;--button_gradient_bottom_color_hover:#ffffff;\" target=\"_self\" href=\"https:\/\/orbitalservice-group.com\/contact\/\"><span class=\"fusion-button-text awb-button__text awb-button__text--default\">Kontakt aufnehmen<\/span><\/a><\/div><div class=\"fusion-clearfix\"><\/div><\/div><\/div><\/div><div class=\"fusion-clearfix\"><\/div><\/div><\/div><\/div><\/div>\n<\/p>\n","protected":false},"excerpt":{"rendered":"","protected":false},"author":5,"featured_media":0,"parent":0,"menu_order":0,"comment_status":"closed","ping_status":"closed","template":"100-width.php","meta":{"footnotes":""},"class_list":["post-1856","page","type-page","status-publish","hentry"],"yoast_head":"<!-- This site is optimized with the Yoast SEO plugin v27.4 - https:\/\/yoast.com\/product\/yoast-seo-wordpress\/ -->\n<title>ORBITALSERVICE GmbH - Innovationen im Orbitalschweissen<\/title>\n<meta name=\"description\" content=\"Dank Jahrzehnte langer Erfahrung in der Branche und hoher Affinit\u00e4t sowohl zu neuen Technologien, als auch branchen-neuartigen Designs, sind wir dem Markt mit unseren Produkten immer einen Schritt voraus.\" \/>\n<meta name=\"robots\" content=\"index, follow, max-snippet:-1, max-image-preview:large, max-video-preview:-1\" \/>\n<link rel=\"canonical\" href=\"https:\/\/orbitalservice-group.com\/de\/innovationen\/\" \/>\n<meta property=\"og:locale\" content=\"de_DE\" \/>\n<meta property=\"og:type\" content=\"article\" \/>\n<meta property=\"og:title\" content=\"ORBITALSERVICE GmbH - Innovationen im Orbitalschweissen\" \/>\n<meta property=\"og:description\" content=\"Dank Jahrzehnte langer Erfahrung in der Branche und hoher Affinit\u00e4t sowohl zu neuen Technologien, als auch branchen-neuartigen Designs, sind wir dem Markt mit unseren Produkten immer einen Schritt voraus.\" \/>\n<meta property=\"og:url\" content=\"https:\/\/orbitalservice-group.com\/de\/innovationen\/\" \/>\n<meta property=\"og:site_name\" content=\"ORBITALSERVICE GmbH\" \/>\n<meta property=\"article:modified_time\" content=\"2020-01-08T13:22:11+00:00\" \/>\n<meta name=\"twitter:card\" content=\"summary_large_image\" \/>\n<meta name=\"twitter:label1\" content=\"Gesch\u00e4tzte Lesezeit\" \/>\n\t<meta name=\"twitter:data1\" content=\"3\u00a0Minuten\" \/>\n<script type=\"application\/ld+json\" class=\"yoast-schema-graph\">{\"@context\":\"https:\\\/\\\/schema.org\",\"@graph\":[{\"@type\":\"WebPage\",\"@id\":\"https:\\\/\\\/orbitalservice-group.com\\\/de\\\/innovationen\\\/\",\"url\":\"https:\\\/\\\/orbitalservice-group.com\\\/de\\\/innovationen\\\/\",\"name\":\"ORBITALSERVICE GmbH - Innovationen im Orbitalschweissen\",\"isPartOf\":{\"@id\":\"https:\\\/\\\/orbitalservice-group.com\\\/de\\\/#website\"},\"datePublished\":\"2019-09-09T18:31:44+00:00\",\"dateModified\":\"2020-01-08T13:22:11+00:00\",\"description\":\"Dank Jahrzehnte langer Erfahrung in der Branche und hoher Affinit\u00e4t sowohl zu neuen Technologien, als auch branchen-neuartigen Designs, sind wir dem Markt mit unseren Produkten immer einen Schritt voraus.\",\"breadcrumb\":{\"@id\":\"https:\\\/\\\/orbitalservice-group.com\\\/de\\\/innovationen\\\/#breadcrumb\"},\"inLanguage\":\"de\",\"potentialAction\":[{\"@type\":\"ReadAction\",\"target\":[\"https:\\\/\\\/orbitalservice-group.com\\\/de\\\/innovationen\\\/\"]}]},{\"@type\":\"BreadcrumbList\",\"@id\":\"https:\\\/\\\/orbitalservice-group.com\\\/de\\\/innovationen\\\/#breadcrumb\",\"itemListElement\":[{\"@type\":\"ListItem\",\"position\":1,\"name\":\"Startseite\",\"item\":\"https:\\\/\\\/orbitalservice-group.com\\\/de\\\/\"},{\"@type\":\"ListItem\",\"position\":2,\"name\":\"Innovationen\"}]},{\"@type\":\"WebSite\",\"@id\":\"https:\\\/\\\/orbitalservice-group.com\\\/de\\\/#website\",\"url\":\"https:\\\/\\\/orbitalservice-group.com\\\/de\\\/\",\"name\":\"ORBITALSERVICE GmbH\",\"description\":\"The future of orbital welding\",\"publisher\":{\"@id\":\"https:\\\/\\\/orbitalservice-group.com\\\/de\\\/#organization\"},\"potentialAction\":[{\"@type\":\"SearchAction\",\"target\":{\"@type\":\"EntryPoint\",\"urlTemplate\":\"https:\\\/\\\/orbitalservice-group.com\\\/de\\\/?s={search_term_string}\"},\"query-input\":{\"@type\":\"PropertyValueSpecification\",\"valueRequired\":true,\"valueName\":\"search_term_string\"}}],\"inLanguage\":\"de\"},{\"@type\":\"Organization\",\"@id\":\"https:\\\/\\\/orbitalservice-group.com\\\/de\\\/#organization\",\"name\":\"Orbitalservice GmbH\",\"url\":\"https:\\\/\\\/orbitalservice-group.com\\\/de\\\/\",\"logo\":{\"@type\":\"ImageObject\",\"inLanguage\":\"de\",\"@id\":\"https:\\\/\\\/orbitalservice-group.com\\\/de\\\/#\\\/schema\\\/logo\\\/image\\\/\",\"url\":\"https:\\\/\\\/orbitalservice-group.com\\\/wp-content\\\/uploads\\\/Orbitalservice-Logo_200.png\",\"contentUrl\":\"https:\\\/\\\/orbitalservice-group.com\\\/wp-content\\\/uploads\\\/Orbitalservice-Logo_200.png\",\"width\":200,\"height\":44,\"caption\":\"Orbitalservice GmbH\"},\"image\":{\"@id\":\"https:\\\/\\\/orbitalservice-group.com\\\/de\\\/#\\\/schema\\\/logo\\\/image\\\/\"}}]}<\/script>\n<!-- \/ Yoast SEO plugin. -->","yoast_head_json":{"title":"ORBITALSERVICE GmbH - Innovationen im Orbitalschweissen","description":"Dank Jahrzehnte langer Erfahrung in der Branche und hoher Affinit\u00e4t sowohl zu neuen Technologien, als auch branchen-neuartigen Designs, sind wir dem Markt mit unseren Produkten immer einen Schritt voraus.","robots":{"index":"index","follow":"follow","max-snippet":"max-snippet:-1","max-image-preview":"max-image-preview:large","max-video-preview":"max-video-preview:-1"},"canonical":"https:\/\/orbitalservice-group.com\/de\/innovationen\/","og_locale":"de_DE","og_type":"article","og_title":"ORBITALSERVICE GmbH - Innovationen im Orbitalschweissen","og_description":"Dank Jahrzehnte langer Erfahrung in der Branche und hoher Affinit\u00e4t sowohl zu neuen Technologien, als auch branchen-neuartigen Designs, sind wir dem Markt mit unseren Produkten immer einen Schritt voraus.","og_url":"https:\/\/orbitalservice-group.com\/de\/innovationen\/","og_site_name":"ORBITALSERVICE GmbH","article_modified_time":"2020-01-08T13:22:11+00:00","twitter_card":"summary_large_image","twitter_misc":{"Gesch\u00e4tzte Lesezeit":"3\u00a0Minuten"},"schema":{"@context":"https:\/\/schema.org","@graph":[{"@type":"WebPage","@id":"https:\/\/orbitalservice-group.com\/de\/innovationen\/","url":"https:\/\/orbitalservice-group.com\/de\/innovationen\/","name":"ORBITALSERVICE GmbH - Innovationen im Orbitalschweissen","isPartOf":{"@id":"https:\/\/orbitalservice-group.com\/de\/#website"},"datePublished":"2019-09-09T18:31:44+00:00","dateModified":"2020-01-08T13:22:11+00:00","description":"Dank Jahrzehnte langer Erfahrung in der Branche und hoher Affinit\u00e4t sowohl zu neuen Technologien, als auch branchen-neuartigen Designs, sind wir dem Markt mit unseren Produkten immer einen Schritt voraus.","breadcrumb":{"@id":"https:\/\/orbitalservice-group.com\/de\/innovationen\/#breadcrumb"},"inLanguage":"de","potentialAction":[{"@type":"ReadAction","target":["https:\/\/orbitalservice-group.com\/de\/innovationen\/"]}]},{"@type":"BreadcrumbList","@id":"https:\/\/orbitalservice-group.com\/de\/innovationen\/#breadcrumb","itemListElement":[{"@type":"ListItem","position":1,"name":"Startseite","item":"https:\/\/orbitalservice-group.com\/de\/"},{"@type":"ListItem","position":2,"name":"Innovationen"}]},{"@type":"WebSite","@id":"https:\/\/orbitalservice-group.com\/de\/#website","url":"https:\/\/orbitalservice-group.com\/de\/","name":"ORBITALSERVICE GmbH","description":"The future of orbital welding","publisher":{"@id":"https:\/\/orbitalservice-group.com\/de\/#organization"},"potentialAction":[{"@type":"SearchAction","target":{"@type":"EntryPoint","urlTemplate":"https:\/\/orbitalservice-group.com\/de\/?s={search_term_string}"},"query-input":{"@type":"PropertyValueSpecification","valueRequired":true,"valueName":"search_term_string"}}],"inLanguage":"de"},{"@type":"Organization","@id":"https:\/\/orbitalservice-group.com\/de\/#organization","name":"Orbitalservice GmbH","url":"https:\/\/orbitalservice-group.com\/de\/","logo":{"@type":"ImageObject","inLanguage":"de","@id":"https:\/\/orbitalservice-group.com\/de\/#\/schema\/logo\/image\/","url":"https:\/\/orbitalservice-group.com\/wp-content\/uploads\/Orbitalservice-Logo_200.png","contentUrl":"https:\/\/orbitalservice-group.com\/wp-content\/uploads\/Orbitalservice-Logo_200.png","width":200,"height":44,"caption":"Orbitalservice GmbH"},"image":{"@id":"https:\/\/orbitalservice-group.com\/de\/#\/schema\/logo\/image\/"}}]}},"_links":{"self":[{"href":"https:\/\/orbitalservice-group.com\/de\/wp-json\/wp\/v2\/pages\/1856","targetHints":{"allow":["GET"]}}],"collection":[{"href":"https:\/\/orbitalservice-group.com\/de\/wp-json\/wp\/v2\/pages"}],"about":[{"href":"https:\/\/orbitalservice-group.com\/de\/wp-json\/wp\/v2\/types\/page"}],"author":[{"embeddable":true,"href":"https:\/\/orbitalservice-group.com\/de\/wp-json\/wp\/v2\/users\/5"}],"replies":[{"embeddable":true,"href":"https:\/\/orbitalservice-group.com\/de\/wp-json\/wp\/v2\/comments?post=1856"}],"version-history":[{"count":4,"href":"https:\/\/orbitalservice-group.com\/de\/wp-json\/wp\/v2\/pages\/1856\/revisions"}],"predecessor-version":[{"id":2289,"href":"https:\/\/orbitalservice-group.com\/de\/wp-json\/wp\/v2\/pages\/1856\/revisions\/2289"}],"wp:attachment":[{"href":"https:\/\/orbitalservice-group.com\/de\/wp-json\/wp\/v2\/media?parent=1856"}],"curies":[{"name":"wp","href":"https:\/\/api.w.org\/{rel}","templated":true}]}}