{"id":1769,"date":"2019-09-05T19:54:47","date_gmt":"2019-09-05T17:54:47","guid":{"rendered":"http:\/\/yourcase-koffer.de\/?page_id=1769"},"modified":"2020-01-12T20:15:19","modified_gmt":"2020-01-12T19:15:19","slug":"orbitalschweissen","status":"publish","type":"page","link":"https:\/\/orbitalservice-group.com\/de\/orbitalschweissen\/","title":{"rendered":"Orbital&shy;schweissen"},"content":{"rendered":"<p><div class=\"fusion-fullwidth fullwidth-box fusion-builder-row-1 nonhundred-percent-fullwidth non-hundred-percent-height-scrolling\" style=\"--awb-border-radius-top-left:0px;--awb-border-radius-top-right:0px;--awb-border-radius-bottom-right:0px;--awb-border-radius-bottom-left:0px;--awb-padding-bottom:6%;--awb-flex-wrap:wrap;\" ><div class=\"fusion-builder-row fusion-row\"><div class=\"fusion-layout-column fusion_builder_column fusion-builder-column-0 fusion_builder_column_1_1 1_1 fusion-one-full fusion-column-first fusion-column-last\" style=\"--awb-bg-size:cover;\"><div class=\"fusion-column-wrapper fusion-column-has-shadow fusion-flex-column-wrapper-legacy\"><div class=\"fusion-title title fusion-title-1 fusion-sep-none fusion-title-text fusion-title-size-three\"><h3 class=\"fusion-title-heading title-heading-left fusion-responsive-typography-calculated\" style=\"margin:0;--fontSize:27;--minFontSize:27;line-height:1.5;\">Haupteinsatzgebiet des WIG \u2013 Orbitalschweiss\u00adverfahrens sind:<\/h3><\/div><div class=\"fusion-text fusion-text-1\"><ul>\n<li>Rohr \u2013 Rohr \u2013 Verbindungen<\/li>\n<li>Rohr \u2013 Formteil \u2013 Verbindungen<\/li>\n<li>Rohr \u2013 in \u2013 Boden \u2013 Verbindungen<\/li>\n<\/ul>\n<p>Das WIG \u2013 Orbitalschweissen basiert auf dem Wolfram Inert Gas Prozess (WIG), der es erm\u00f6glicht Energie und gegebenenfalls Zusatzwerkstoff getrennt voneinander optimal in die Schweissstelle einzubringen. Die hierbei eingesetzte Pulstechnik erlaubt das kontrollierte Aufschmelzen und Erstarren des Schmelzbades, was eine optimale Kontrolle \u00fcber den Erfolg des Prozesses in jeder Schweissposition erlaubt. Schweissverbindungen sind unl\u00f6sbar und stellen die sicherste Verbindung von Rohrleitungen und Formteilen dar.<\/p>\n<p>Durch den Einsatz des WIG \u2013 Orbitalschweissverfahrens wird auf das wachsende Bed\u00fcrfnis des Marktes reagiert, welches immer hochwertigere Schweissverbindungen von Metallrohren zu dennoch wirtschaftlichen Bedingungen verlangt.<br \/>\nNicht zuletzt sind besonders Edelst\u00e4hle in verschiedenen Qualit\u00e4ten und Oberfl\u00e4cheng\u00fcten in der Industrie weit verbreitet. Diese m\u00fcssen nicht nur verfahrenssicher, sondern auch qualit\u00e4tsgerecht verbunden werden.<\/p>\n<\/div><div class=\"fusion-sep-clear\"><\/div><div class=\"fusion-separator fusion-full-width-sep\" style=\"margin-left: auto;margin-right: auto;margin-top:5%;width:100%;\"><\/div><div class=\"fusion-sep-clear\"><\/div><div class=\"fusion-image-element in-legacy-container\" style=\"--awb-caption-title-font-family:var(--h2_typography-font-family);--awb-caption-title-font-weight:var(--h2_typography-font-weight);--awb-caption-title-font-style:var(--h2_typography-font-style);--awb-caption-title-size:var(--h2_typography-font-size);--awb-caption-title-transform:var(--h2_typography-text-transform);--awb-caption-title-line-height:var(--h2_typography-line-height);--awb-caption-title-letter-spacing:var(--h2_typography-letter-spacing);\"><span class=\" fusion-imageframe imageframe-none imageframe-1 hover-type-none\"><img decoding=\"async\" width=\"2720\" height=\"1044\" alt=\"Orbitalservice-Info-Orbitalschweissen\" title=\"Orbitalservice-Info-Orbitalschweissen\" src=\"https:\/\/orbitalservice-group.com\/wp-content\/uploads\/Orbitalservice-Info-Orbitalschweissen.jpg\" data-orig-src=\"https:\/\/orbitalservice-group.com\/wp-content\/uploads\/Orbitalservice-Info-Orbitalschweissen.jpg\" class=\"lazyload img-responsive wp-image-1878\" srcset=\"data:image\/svg+xml,%3Csvg%20xmlns%3D%27http%3A%2F%2Fwww.w3.org%2F2000%2Fsvg%27%20width%3D%272720%27%20height%3D%271044%27%20viewBox%3D%270%200%202720%201044%27%3E%3Crect%20width%3D%272720%27%20height%3D%271044%27%20fill-opacity%3D%220%22%2F%3E%3C%2Fsvg%3E\" data-srcset=\"https:\/\/orbitalservice-group.com\/wp-content\/uploads\/Orbitalservice-Info-Orbitalschweissen-200x77.jpg 200w, https:\/\/orbitalservice-group.com\/wp-content\/uploads\/Orbitalservice-Info-Orbitalschweissen-400x154.jpg 400w, https:\/\/orbitalservice-group.com\/wp-content\/uploads\/Orbitalservice-Info-Orbitalschweissen-600x230.jpg 600w, https:\/\/orbitalservice-group.com\/wp-content\/uploads\/Orbitalservice-Info-Orbitalschweissen-800x307.jpg 800w, https:\/\/orbitalservice-group.com\/wp-content\/uploads\/Orbitalservice-Info-Orbitalschweissen-1200x461.jpg 1200w, https:\/\/orbitalservice-group.com\/wp-content\/uploads\/Orbitalservice-Info-Orbitalschweissen.jpg 2720w\" data-sizes=\"auto\" data-orig-sizes=\"(max-width: 1024px) 100vw, 2720px\" \/><\/span><\/div><div class=\"fusion-clearfix\"><\/div><\/div><\/div><div class=\"fusion-layout-column fusion_builder_column fusion-builder-column-1 fusion_builder_column_1_2 1_2 fusion-one-half fusion-column-first\" style=\"--awb-padding-top:5%;--awb-bg-size:cover;--awb-margin-top:5%;width:50%;width:calc(50% - ( ( 4% ) * 0.5 ) );margin-right: 4%;\"><div class=\"fusion-column-wrapper fusion-column-has-shadow fusion-flex-column-wrapper-legacy\"><div class=\"fusion-title title fusion-title-2 fusion-sep-none fusion-title-text fusion-title-size-three\"><h3 class=\"fusion-title-heading title-heading-left fusion-responsive-typography-calculated\" style=\"margin:0;--fontSize:27;--minFontSize:27;line-height:1.5;\">Vorteile des Orbitalschweiss&shy;verfahrens:<\/h3><\/div><div class=\"fusion-text fusion-text-2\"><p>Das Orbitalschwei\u00dfen mit dem WIG \u2013 Schweissverfahren bringt einige \u00fcberzeugende Vorteile mit sich, die wie folgt aussehen:<\/p>\n<ul>\n<li>Hohe Verfahrenssicherheit<\/li>\n<li>Hohe Reproduktionsf\u00e4higkeit<\/li>\n<li>Kurze Produktionszeiten<\/li>\n<li>Wenig Oxidbildung<\/li>\n<li>H\u00f6chste Qualit\u00e4t der Schweissnaht<\/li>\n<li>Absolut reproduzierbare Schweissergebnisse<\/li>\n<li>Einsatzf\u00e4hig auch bei manuell nicht zug\u00e4nglicher Schweissstelle<\/li>\n<li>Geringste Kontamination des Mediums mit Fremdpartikeln<\/li>\n<li>Durch automatisiertes Schweissen einfach wirtschaftlichere Produktion<\/li>\n<li>Breiter Anwendungsbereich durch gute Anpassungsm\u00f6glichkeiten<\/li>\n<li>Dokumentationsf\u00e4hig (ISO 9001)<\/li>\n<li>Montage- und Baustellengeeignet<\/li>\n<\/ul>\n<\/div><div class=\"fusion-clearfix\"><\/div><\/div><\/div><div class=\"fusion-layout-column fusion_builder_column fusion-builder-column-2 fusion_builder_column_1_2 1_2 fusion-one-half fusion-column-last\" style=\"--awb-padding-top:5%;--awb-bg-size:cover;--awb-margin-top:5%;width:50%;width:calc(50% - ( ( 4% ) * 0.5 ) );\"><div class=\"fusion-column-wrapper fusion-column-has-shadow fusion-flex-column-wrapper-legacy\"><div class=\"fusion-title title fusion-title-3 fusion-sep-none fusion-title-text fusion-title-size-three\"><h3 class=\"fusion-title-heading title-heading-left fusion-responsive-typography-calculated\" style=\"margin:0;--fontSize:27;--minFontSize:27;line-height:1.5;\">Rahmenbedingungen des Orbitalschweissen:<\/h3><\/div><div class=\"fusion-text fusion-text-3\"><p>Um eine reproduzierbare WIG \u2013 Orbitalschweissung zu gew\u00e4hrleisten, sind folgende Rahmenbedingungen als wichtig einzuordnen:<\/p>\n<ul>\n<li>Geschultes Personal (Kenntnisse in der Standard \u2013 WIG Schweisstechnik)<\/li>\n<li>Qualit\u00e4t und Toleranzen der zu verschweissenden Bauteile<\/li>\n<li>Umgebungseinfl\u00fcsse<\/li>\n<li>Arten und Qualit\u00e4ten der Schweiss- und Formiergase<\/li>\n<li>Anarbeitung der Wolframelektrode<\/li>\n<li>Optimale Nahtvorbereitung und Positioniergenauigkeit<\/li>\n<li>Sauberkeit<\/li>\n<li>Kenntnisse der chemischen Analysen der zu verschweissenden Bauteile, verbunden mit zu erwartenden Unregelm\u00e4\u00dfigkeiten<\/li>\n<li>Errechnete und erprobte Schweissprogramme<\/li>\n<\/ul>\n<\/div><div class=\"fusion-clearfix\"><\/div><\/div><\/div><div class=\"fusion-layout-column fusion_builder_column fusion-builder-column-3 fusion_builder_column_1_2 1_2 fusion-one-half fusion-column-first\" style=\"--awb-padding-top:5%;--awb-bg-size:cover;--awb-margin-top:5%;width:50%;width:calc(50% - ( ( 4% ) * 0.5 ) );margin-right: 4%;\"><div class=\"fusion-column-wrapper fusion-column-has-shadow fusion-flex-column-wrapper-legacy\"><div class=\"fusion-title title fusion-title-4 fusion-sep-none fusion-title-text fusion-title-size-three\"><h3 class=\"fusion-title-heading title-heading-left fusion-responsive-typography-calculated\" style=\"margin:0;--fontSize:27;--minFontSize:27;line-height:1.5;\">Eine Standard-Orbitalschweiss&shy;einrichtung besteht aus drei Anlagenteilen:<\/h3><\/div><div class=\"fusion-text fusion-text-4\"><ol>\n<li>Schweissstromquelle<\/li>\n<li>Orbitalschweisswerkzeug geschlossene oder offene Bauart<\/li>\n<li>Kaltdrahteinheit<\/li>\n<\/ol>\n<\/div><div class=\"fusion-clearfix\"><\/div><\/div><\/div><div class=\"fusion-layout-column fusion_builder_column fusion-builder-column-4 fusion_builder_column_1_2 1_2 fusion-one-half fusion-column-last\" style=\"--awb-padding-top:5%;--awb-bg-size:cover;--awb-margin-top:5%;width:50%;width:calc(50% - ( ( 4% ) * 0.5 ) );\"><div class=\"fusion-column-wrapper fusion-column-has-shadow fusion-flex-column-wrapper-legacy\"><div class=\"fusion-image-element in-legacy-container\" style=\"--awb-caption-title-font-family:var(--h2_typography-font-family);--awb-caption-title-font-weight:var(--h2_typography-font-weight);--awb-caption-title-font-style:var(--h2_typography-font-style);--awb-caption-title-size:var(--h2_typography-font-size);--awb-caption-title-transform:var(--h2_typography-text-transform);--awb-caption-title-line-height:var(--h2_typography-line-height);--awb-caption-title-letter-spacing:var(--h2_typography-letter-spacing);\"><span class=\" fusion-imageframe imageframe-none imageframe-2 hover-type-none\"><img decoding=\"async\" width=\"1500\" height=\"1000\" alt=\"Orbitalservice-Info-Orbitalschweissen-Bauteile\" title=\"Orbitalservice-Info-Orbitalschweissen-Bauteile\" src=\"https:\/\/orbitalservice-group.com\/wp-content\/uploads\/Orbitalservice-Info-Orbitalschweissen-Bauteile.jpg\" data-orig-src=\"https:\/\/orbitalservice-group.com\/wp-content\/uploads\/Orbitalservice-Info-Orbitalschweissen-Bauteile.jpg\" class=\"lazyload img-responsive wp-image-1877\" srcset=\"data:image\/svg+xml,%3Csvg%20xmlns%3D%27http%3A%2F%2Fwww.w3.org%2F2000%2Fsvg%27%20width%3D%271500%27%20height%3D%271000%27%20viewBox%3D%270%200%201500%201000%27%3E%3Crect%20width%3D%271500%27%20height%3D%271000%27%20fill-opacity%3D%220%22%2F%3E%3C%2Fsvg%3E\" data-srcset=\"https:\/\/orbitalservice-group.com\/wp-content\/uploads\/Orbitalservice-Info-Orbitalschweissen-Bauteile-200x133.jpg 200w, https:\/\/orbitalservice-group.com\/wp-content\/uploads\/Orbitalservice-Info-Orbitalschweissen-Bauteile-400x267.jpg 400w, https:\/\/orbitalservice-group.com\/wp-content\/uploads\/Orbitalservice-Info-Orbitalschweissen-Bauteile-600x400.jpg 600w, https:\/\/orbitalservice-group.com\/wp-content\/uploads\/Orbitalservice-Info-Orbitalschweissen-Bauteile-800x533.jpg 800w, https:\/\/orbitalservice-group.com\/wp-content\/uploads\/Orbitalservice-Info-Orbitalschweissen-Bauteile-1200x800.jpg 1200w, https:\/\/orbitalservice-group.com\/wp-content\/uploads\/Orbitalservice-Info-Orbitalschweissen-Bauteile.jpg 1500w\" data-sizes=\"auto\" data-orig-sizes=\"(max-width: 1024px) 100vw, 800px\" \/><\/span><\/div><div class=\"fusion-clearfix\"><\/div><\/div><\/div><\/div><\/div><div class=\"fusion-fullwidth fullwidth-box fusion-builder-row-2 nonhundred-percent-fullwidth non-hundred-percent-height-scrolling\" style=\"--awb-border-radius-top-left:0px;--awb-border-radius-top-right:0px;--awb-border-radius-bottom-right:0px;--awb-border-radius-bottom-left:0px;--awb-flex-wrap:wrap;\" ><div class=\"fusion-builder-row fusion-row\"><div class=\"fusion-layout-column fusion_builder_column fusion-builder-column-5 fusion_builder_column_1_1 1_1 fusion-one-full fusion-column-first fusion-column-last\" style=\"--awb-padding-top:3%;--awb-padding-right:3%;--awb-padding-bottom:3%;--awb-padding-left:3%;--awb-bg-size:cover;--awb-box-shadow:0px 20px 50px 0px #eaeaea;;--awb-border-color:#293133;--awb-border-top:0;--awb-border-right:0;--awb-border-bottom:0;--awb-border-left:0;--awb-border-style:solid;--awb-margin-bottom:0px;\"><div class=\"fusion-column-wrapper fusion-column-has-shadow fusion-flex-column-wrapper-legacy\"><div class=\"fusion-builder-row fusion-builder-row-inner fusion-row\"><div class=\"fusion-layout-column fusion_builder_column_inner fusion-builder-nested-column-0 fusion_builder_column_inner_1_1 1_1 fusion-one-full fusion-column-first fusion-column-last\" style=\"--awb-padding-top:30px;--awb-padding-right:12%;--awb-padding-bottom:30px;--awb-padding-left:12%;--awb-bg-size:cover;--awb-border-color:#293133;--awb-border-top:4px;--awb-border-right:4px;--awb-border-bottom:4px;--awb-border-left:4px;--awb-border-style:solid;--awb-margin-top:0px;--awb-margin-bottom:0px;\"><div class=\"fusion-column-wrapper fusion-column-has-shadow fusion-flex-column-wrapper-legacy\"><div class=\"fusion-text fusion-text-5\"><p style=\"text-align: center;\">Sie haben Fragen zu unseren Produkten oder m\u00f6chten ein individuelles Angebot? Sprechen Sie uns gerne an.<\/p>\n<\/div><div class=\"fusion-aligncenter\"><a class=\"fusion-button button-flat fusion-button-default-size button-custom fusion-button-default button-1 fusion-button-default-span fusion-button-default-type\" style=\"--button_accent_color:#ffffff;--button_accent_hover_color:#111111;--button_border_hover_color:#111111;--button_gradient_top_color:#111111;--button_gradient_bottom_color:#111111;--button_gradient_top_color_hover:#ffffff;--button_gradient_bottom_color_hover:#ffffff;\" target=\"_self\" href=\"https:\/\/orbitalservice-group.com\/contact\/\"><span class=\"fusion-button-text awb-button__text awb-button__text--default\">Kontakt aufnehmen<\/span><\/a><\/div><div class=\"fusion-clearfix\"><\/div><\/div><\/div><\/div><div class=\"fusion-clearfix\"><\/div><\/div><\/div><\/div><\/div>\n<\/p>\n","protected":false},"excerpt":{"rendered":"","protected":false},"author":5,"featured_media":0,"parent":0,"menu_order":0,"comment_status":"closed","ping_status":"closed","template":"100-width.php","meta":{"footnotes":""},"class_list":["post-1769","page","type-page","status-publish","hentry"],"yoast_head":"<!-- This site is optimized with the Yoast SEO plugin v27.4 - https:\/\/yoast.com\/product\/yoast-seo-wordpress\/ -->\n<title>ORBITALSERVICE GmbH - Orbital&shy;schweissen<\/title>\n<meta name=\"description\" content=\"Die \u00fcber 25-j\u00e4hrige Erfahrung rund ums Orbitalschweissen versetzt uns in die Lage, beste Produkte und L\u00f6sungen f\u00fcr unsere Kunden zu entwickeln.\" \/>\n<meta name=\"robots\" content=\"index, follow, max-snippet:-1, max-image-preview:large, max-video-preview:-1\" \/>\n<link rel=\"canonical\" href=\"https:\/\/orbitalservice-group.com\/de\/orbitalschweissen\/\" \/>\n<meta property=\"og:locale\" content=\"de_DE\" \/>\n<meta property=\"og:type\" content=\"article\" \/>\n<meta property=\"og:title\" content=\"ORBITALSERVICE GmbH - Orbital&shy;schweissen\" \/>\n<meta property=\"og:description\" content=\"Die \u00fcber 25-j\u00e4hrige Erfahrung rund ums Orbitalschweissen versetzt uns in die Lage, beste Produkte und L\u00f6sungen f\u00fcr unsere Kunden zu entwickeln.\" \/>\n<meta property=\"og:url\" content=\"https:\/\/orbitalservice-group.com\/de\/orbitalschweissen\/\" \/>\n<meta property=\"og:site_name\" content=\"ORBITALSERVICE GmbH\" \/>\n<meta property=\"article:modified_time\" content=\"2020-01-12T19:15:19+00:00\" \/>\n<meta name=\"twitter:card\" content=\"summary_large_image\" \/>\n<meta name=\"twitter:label1\" content=\"Gesch\u00e4tzte Lesezeit\" \/>\n\t<meta name=\"twitter:data1\" content=\"7\u00a0Minuten\" \/>\n<script type=\"application\/ld+json\" class=\"yoast-schema-graph\">{\"@context\":\"https:\\\/\\\/schema.org\",\"@graph\":[{\"@type\":\"WebPage\",\"@id\":\"https:\\\/\\\/orbitalservice-group.com\\\/de\\\/orbitalschweissen\\\/\",\"url\":\"https:\\\/\\\/orbitalservice-group.com\\\/de\\\/orbitalschweissen\\\/\",\"name\":\"ORBITALSERVICE GmbH - Orbital&shy;schweissen\",\"isPartOf\":{\"@id\":\"https:\\\/\\\/orbitalservice-group.com\\\/de\\\/#website\"},\"datePublished\":\"2019-09-05T17:54:47+00:00\",\"dateModified\":\"2020-01-12T19:15:19+00:00\",\"description\":\"Die \u00fcber 25-j\u00e4hrige Erfahrung rund ums Orbitalschweissen versetzt uns in die Lage, beste Produkte und L\u00f6sungen f\u00fcr unsere Kunden zu entwickeln.\",\"breadcrumb\":{\"@id\":\"https:\\\/\\\/orbitalservice-group.com\\\/de\\\/orbitalschweissen\\\/#breadcrumb\"},\"inLanguage\":\"de\",\"potentialAction\":[{\"@type\":\"ReadAction\",\"target\":[\"https:\\\/\\\/orbitalservice-group.com\\\/de\\\/orbitalschweissen\\\/\"]}]},{\"@type\":\"BreadcrumbList\",\"@id\":\"https:\\\/\\\/orbitalservice-group.com\\\/de\\\/orbitalschweissen\\\/#breadcrumb\",\"itemListElement\":[{\"@type\":\"ListItem\",\"position\":1,\"name\":\"Startseite\",\"item\":\"https:\\\/\\\/orbitalservice-group.com\\\/de\\\/\"},{\"@type\":\"ListItem\",\"position\":2,\"name\":\"Orbital&shy;schweissen\"}]},{\"@type\":\"WebSite\",\"@id\":\"https:\\\/\\\/orbitalservice-group.com\\\/de\\\/#website\",\"url\":\"https:\\\/\\\/orbitalservice-group.com\\\/de\\\/\",\"name\":\"ORBITALSERVICE GmbH\",\"description\":\"The future of orbital welding\",\"publisher\":{\"@id\":\"https:\\\/\\\/orbitalservice-group.com\\\/de\\\/#organization\"},\"potentialAction\":[{\"@type\":\"SearchAction\",\"target\":{\"@type\":\"EntryPoint\",\"urlTemplate\":\"https:\\\/\\\/orbitalservice-group.com\\\/de\\\/?s={search_term_string}\"},\"query-input\":{\"@type\":\"PropertyValueSpecification\",\"valueRequired\":true,\"valueName\":\"search_term_string\"}}],\"inLanguage\":\"de\"},{\"@type\":\"Organization\",\"@id\":\"https:\\\/\\\/orbitalservice-group.com\\\/de\\\/#organization\",\"name\":\"Orbitalservice GmbH\",\"url\":\"https:\\\/\\\/orbitalservice-group.com\\\/de\\\/\",\"logo\":{\"@type\":\"ImageObject\",\"inLanguage\":\"de\",\"@id\":\"https:\\\/\\\/orbitalservice-group.com\\\/de\\\/#\\\/schema\\\/logo\\\/image\\\/\",\"url\":\"https:\\\/\\\/orbitalservice-group.com\\\/wp-content\\\/uploads\\\/Orbitalservice-Logo_200.png\",\"contentUrl\":\"https:\\\/\\\/orbitalservice-group.com\\\/wp-content\\\/uploads\\\/Orbitalservice-Logo_200.png\",\"width\":200,\"height\":44,\"caption\":\"Orbitalservice GmbH\"},\"image\":{\"@id\":\"https:\\\/\\\/orbitalservice-group.com\\\/de\\\/#\\\/schema\\\/logo\\\/image\\\/\"}}]}<\/script>\n<!-- \/ Yoast SEO plugin. -->","yoast_head_json":{"title":"ORBITALSERVICE GmbH - Orbital&shy;schweissen","description":"Die \u00fcber 25-j\u00e4hrige Erfahrung rund ums Orbitalschweissen versetzt uns in die Lage, beste Produkte und L\u00f6sungen f\u00fcr unsere Kunden zu entwickeln.","robots":{"index":"index","follow":"follow","max-snippet":"max-snippet:-1","max-image-preview":"max-image-preview:large","max-video-preview":"max-video-preview:-1"},"canonical":"https:\/\/orbitalservice-group.com\/de\/orbitalschweissen\/","og_locale":"de_DE","og_type":"article","og_title":"ORBITALSERVICE GmbH - Orbital&shy;schweissen","og_description":"Die \u00fcber 25-j\u00e4hrige Erfahrung rund ums Orbitalschweissen versetzt uns in die Lage, beste Produkte und L\u00f6sungen f\u00fcr unsere Kunden zu entwickeln.","og_url":"https:\/\/orbitalservice-group.com\/de\/orbitalschweissen\/","og_site_name":"ORBITALSERVICE GmbH","article_modified_time":"2020-01-12T19:15:19+00:00","twitter_card":"summary_large_image","twitter_misc":{"Gesch\u00e4tzte Lesezeit":"7\u00a0Minuten"},"schema":{"@context":"https:\/\/schema.org","@graph":[{"@type":"WebPage","@id":"https:\/\/orbitalservice-group.com\/de\/orbitalschweissen\/","url":"https:\/\/orbitalservice-group.com\/de\/orbitalschweissen\/","name":"ORBITALSERVICE GmbH - Orbital&shy;schweissen","isPartOf":{"@id":"https:\/\/orbitalservice-group.com\/de\/#website"},"datePublished":"2019-09-05T17:54:47+00:00","dateModified":"2020-01-12T19:15:19+00:00","description":"Die \u00fcber 25-j\u00e4hrige Erfahrung rund ums Orbitalschweissen versetzt uns in die Lage, beste Produkte und L\u00f6sungen f\u00fcr unsere Kunden zu entwickeln.","breadcrumb":{"@id":"https:\/\/orbitalservice-group.com\/de\/orbitalschweissen\/#breadcrumb"},"inLanguage":"de","potentialAction":[{"@type":"ReadAction","target":["https:\/\/orbitalservice-group.com\/de\/orbitalschweissen\/"]}]},{"@type":"BreadcrumbList","@id":"https:\/\/orbitalservice-group.com\/de\/orbitalschweissen\/#breadcrumb","itemListElement":[{"@type":"ListItem","position":1,"name":"Startseite","item":"https:\/\/orbitalservice-group.com\/de\/"},{"@type":"ListItem","position":2,"name":"Orbital&shy;schweissen"}]},{"@type":"WebSite","@id":"https:\/\/orbitalservice-group.com\/de\/#website","url":"https:\/\/orbitalservice-group.com\/de\/","name":"ORBITALSERVICE GmbH","description":"The future of orbital welding","publisher":{"@id":"https:\/\/orbitalservice-group.com\/de\/#organization"},"potentialAction":[{"@type":"SearchAction","target":{"@type":"EntryPoint","urlTemplate":"https:\/\/orbitalservice-group.com\/de\/?s={search_term_string}"},"query-input":{"@type":"PropertyValueSpecification","valueRequired":true,"valueName":"search_term_string"}}],"inLanguage":"de"},{"@type":"Organization","@id":"https:\/\/orbitalservice-group.com\/de\/#organization","name":"Orbitalservice GmbH","url":"https:\/\/orbitalservice-group.com\/de\/","logo":{"@type":"ImageObject","inLanguage":"de","@id":"https:\/\/orbitalservice-group.com\/de\/#\/schema\/logo\/image\/","url":"https:\/\/orbitalservice-group.com\/wp-content\/uploads\/Orbitalservice-Logo_200.png","contentUrl":"https:\/\/orbitalservice-group.com\/wp-content\/uploads\/Orbitalservice-Logo_200.png","width":200,"height":44,"caption":"Orbitalservice GmbH"},"image":{"@id":"https:\/\/orbitalservice-group.com\/de\/#\/schema\/logo\/image\/"}}]}},"_links":{"self":[{"href":"https:\/\/orbitalservice-group.com\/de\/wp-json\/wp\/v2\/pages\/1769","targetHints":{"allow":["GET"]}}],"collection":[{"href":"https:\/\/orbitalservice-group.com\/de\/wp-json\/wp\/v2\/pages"}],"about":[{"href":"https:\/\/orbitalservice-group.com\/de\/wp-json\/wp\/v2\/types\/page"}],"author":[{"embeddable":true,"href":"https:\/\/orbitalservice-group.com\/de\/wp-json\/wp\/v2\/users\/5"}],"replies":[{"embeddable":true,"href":"https:\/\/orbitalservice-group.com\/de\/wp-json\/wp\/v2\/comments?post=1769"}],"version-history":[{"count":10,"href":"https:\/\/orbitalservice-group.com\/de\/wp-json\/wp\/v2\/pages\/1769\/revisions"}],"predecessor-version":[{"id":2417,"href":"https:\/\/orbitalservice-group.com\/de\/wp-json\/wp\/v2\/pages\/1769\/revisions\/2417"}],"wp:attachment":[{"href":"https:\/\/orbitalservice-group.com\/de\/wp-json\/wp\/v2\/media?parent=1769"}],"curies":[{"name":"wp","href":"https:\/\/api.w.org\/{rel}","templated":true}]}}