{"id":1757,"date":"2019-09-05T17:37:38","date_gmt":"2019-09-05T15:37:38","guid":{"rendered":"http:\/\/yourcase-koffer.de\/?page_id=1757"},"modified":"2025-12-17T07:51:59","modified_gmt":"2025-12-17T06:51:59","slug":"agbs","status":"publish","type":"page","link":"https:\/\/orbitalservice-group.com\/de\/agbs\/","title":{"rendered":"AGBs"},"content":{"rendered":"<p><div class=\"fusion-fullwidth fullwidth-box fusion-builder-row-1 nonhundred-percent-fullwidth non-hundred-percent-height-scrolling\" style=\"--awb-border-radius-top-left:0px;--awb-border-radius-top-right:0px;--awb-border-radius-bottom-right:0px;--awb-border-radius-bottom-left:0px;--awb-padding-bottom:6%;--awb-flex-wrap:wrap;\" ><div class=\"fusion-builder-row fusion-row\"><div class=\"fusion-layout-column fusion_builder_column fusion-builder-column-0 fusion_builder_column_1_2 1_2 fusion-one-half fusion-column-first\" style=\"--awb-bg-size:cover;width:50%;width:calc(50% - ( ( 4% ) * 0.5 ) );margin-right: 4%;\"><div class=\"fusion-column-wrapper fusion-column-has-shadow fusion-flex-column-wrapper-legacy\"><div class=\"fusion-title title fusion-title-1 fusion-sep-none fusion-title-text fusion-title-size-three\"><h3 class=\"fusion-title-heading title-heading-left fusion-responsive-typography-calculated\" style=\"margin:0;--fontSize:27;--minFontSize:27;line-height:1.5;\">Downloads<\/h3><\/div><div class=\"fusion-text fusion-text-1\"><p><a href=\"https:\/\/orbitalservice-group.com\/wp-content\/uploads\/Orbitalservice_AGBs_DE.pdf\" target=\"_blank\" rel=\"noopener noreferrer\">Download der allgemeinen Gesch\u00e4ftsbedingungen<\/a><br \/>\n<a href=\"https:\/\/orbitalservice-group.com\/wp-content\/uploads\/Orbitalservice_Mietbedingungen_DE.pdf\" target=\"_blank\" rel=\"noopener noreferrer\">Download der allgemeinen Mietbedingungen<\/a><br \/>\n<a href=\"https:\/\/orbitalservice-group.com\/wp-content\/uploads\/Orbitalservice_Einkaufsbedingung_DE.pdf\" target=\"_blank\" rel=\"noopener noreferrer\">Download der Einkaufsbedingungen<\/a><\/p>\n<\/div><div class=\"fusion-clearfix\"><\/div><\/div><\/div><div class=\"fusion-layout-column fusion_builder_column fusion-builder-column-1 fusion_builder_column_1_2 1_2 fusion-one-half fusion-column-last\" style=\"--awb-bg-size:cover;width:50%;width:calc(50% - ( ( 4% ) * 0.5 ) );\"><div class=\"fusion-column-wrapper fusion-column-has-shadow fusion-flex-column-wrapper-legacy\"><div class=\"fusion-clearfix\"><\/div><\/div><\/div><div class=\"fusion-layout-column fusion_builder_column fusion-builder-column-2 fusion_builder_column_1_1 1_1 fusion-one-full fusion-column-first fusion-column-last\" style=\"--awb-padding-top:5%;--awb-bg-size:cover;--awb-margin-top:5%;\"><div class=\"fusion-column-wrapper fusion-column-has-shadow fusion-flex-column-wrapper-legacy\"><div class=\"fusion-text fusion-text-2\"><p><strong>1.Geltungsbereich<\/strong><\/p>\n<p>Diese Allgemeinen Gesch\u00e4ftsbedingungen gelten sowohl den Verkauf der Ger\u00e4te der ORBITALSERVICE GmbH (im Folgenden ORBITALSERVICE GmbH), als auch der von der ORBITALSERVICE GmbH angebotenen Leistungen. Den Allgemeinen Gesch\u00e4ftsbedingungen des Kunden wird ausdr\u00fccklich widersprochen. Die Allgemeinen Gesch\u00e4ftsbedingungen des Kunden werden nur dann Vertragsbestandteil, wenn sie ausdr\u00fccklich anerkannt werden. Dies gilt auch dann, wenn den Allgemeinen Gesch\u00e4ftsbedingungen des Kunden auch bei erneuter Vorlage nicht ausdr\u00fccklich widersprochen wird.\u00a0 Schweigen der ORBITALSERVICE GmbH gilt stets als Widerspruch mit den Allgemeinen Gesch\u00e4ftsbedingungen des Kunden.<\/p>\n<p><strong><br \/>\n2. Angebot und Auftrag<\/strong><\/p>\n<p>Angebote der ORBITALSERVICE GmbH sind freibleibend. Die Wirksamkeit eines Vertrages h\u00e4ngt stets von einer schriftlichen Auftragsbest\u00e4tigung ab. Auftr\u00e4ge, die nicht schriftlich best\u00e4tigt wurden sind schwebend unwirksam. Schriftliche und m\u00fcndliche (Neben-)Abreden werden ebenfalls erst durch entsprechende schriftliche Best\u00e4tigung der ORBITALSERVICE GmbH wirksam. \u00c4nderungen und Erg\u00e4nzungen\u00a0 s\u00e4mtlicher Vereinbarung nebst Nebenabreden bed\u00fcrfen ebenfalls der Schriftform.<\/p>\n<p><strong><br \/>\n3. Lieferung und Leistung<\/strong><\/p>\n<p>S\u00e4mtliche Lieferungen, Verkaufsgesch\u00e4fte und Leistungen im Rahmen der Gesch\u00e4ftsbeziehungen erfolgen unter Einbeziehung dieser Allgemeinen Gesch\u00e4ftsbedingungen. Lieferungen erfolgen, soweit gesetzlich vorgeschrieben und vertraglich vereinbart, unter dem Vorbehalt der ann\u00e4hernden Lieferzeiten. Konnte eine vereinbarte Lieferzeit nicht eingehalten werden, ohne dass die ORBITALSERVICE GmbH die Verz\u00f6gerung zu vertreten hat, gilt die Lieferzeit als eingehalten. Kostenvoranschl\u00e4gen, Zeichnungen und anderen Unterlagen unterliegen dem Urheberrecht. Die Verwertungsrechte liegen ausschlie\u00dflich bei der ORBITALSERVICE GmbH. Unterlagen d\u00fcrfen nur mit vorheriger Einwilligung der ORBITALSERVICE GmbH vervielf\u00e4ltigt, ver\u00f6ffentlicht oder \u00f6ffentlich zug\u00e4nglich gemacht werden. Wird der Auftrag nicht erteilt, sind Zeichnungen und andere Unterlagen auf Verlangen der ORBITALSERVICE GmbH zur\u00fcckzugeben. Dies gilt entsprechend f\u00fcr die Unterlagen des K\u00e4ufers. Das Recht der \u00f6ffentlichen Zug\u00e4nglichmachung steht dem Kunden nur zu, wenn die ORBITALSERVICE GmbH in zul\u00e4ssiger Weise die Lieferung \/ Leistung \u00fcbertragen hat.<\/p>\n<p><strong><br \/>\n4. Preise<\/strong><\/p>\n<p>Die angegebenen Preise sind Nettopreise. Die Kosten der Lieferung, Aufstellung oder Montage sind gesondert zu verg\u00fcten. Auf s\u00e4mtliche Preise (inkl. der Kosten der Lieferung, Aufstellung und Montage) gelten zuz\u00fcglich der jeweils geltenden Mehrwertsteuer. Umsatzsteuer, Fracht, Versicherung und sonstige Nebenkosten werden gesondert berechnet. Die im Angebot genannten Preise sind freibleibend. Ma\u00dfgeblich sind die am Tag der Lieferung g\u00fcltigen Preise anhand der Preisliste ORBITALSERVICE GmbH in ihrer jeweils g\u00fcltigen Fassung. Die ORBITALSERVICE GmbH ist berechtigt, Preis\u00e4nderungen vorzunehmen. Der Versand der Ware erfolgt in angemessener Verpackung. Gewerbliche Kunden haben eine gesonderte Transportversicherung abzuschlie\u00dfen. Die ORBITALSERVICE GmbH richtet sich nach den Vorschriften des VDE (Verband der Elektrotechnik, Elektronik, Informationstechnik e. V.), die soweit zul\u00e4ssig, Vertragsbestandteil werden.<\/p>\n<p><strong><br \/>\n5. Mindermengenzuschl\u00e4ge<\/strong><\/p>\n<p>Bei Bestellungen unter einem Nettowert von 100 \u20ac f\u00e4llt ein Mindermengenzuschlag i.H.v. 25 \u20ac pro Bestellung an.<\/p>\n<p><strong><br \/>\n6. Zahlungen<\/strong><\/p>\n<p>Rechnungen der ORBITALSERVICE GmbH sind unbeschadet einer ausdr\u00fccklichen, schriftlichen anderslautenden Vereinbarung, sofort f\u00e4llig und zahlbar. Die ORBITALSERVICE GmbH ist berechtigt, Verzugszinsen zu berechnen. Die Geltendmachung dar\u00fcber hinausgehender Verzugssch\u00e4den der ORBITALSERVICE GmbH bleibt unber\u00fchrt. Im Falle des Zahlungsverzuges ist ORBITALSERVICE GmbH berechtigt eine Weiterlieferung zu verweigern.<\/p>\n<p><strong><br \/>\n7. Eigentumsvorbehalt<\/strong><\/p>\n<p>Bis zur vollst\u00e4ndigen Zahlung des Kaufpreises, bleiben die Waren im vollst\u00e4ndigen Eigentum der ORBITALSERVICE GmbH.<br \/>\nDer Kunde ist zum Weiterverkauf der an den Kunden gelieferten Waren bis zur vollst\u00e4ndigen Zahlung des Kaufpreises nicht berechtigt. Etwas anderes gilt nur dann, wenn die ORBITALSERVICE GmbH einen vorzeitigen Weiterverkauf durch ausdr\u00fcckliche und schriftliche Erkl\u00e4rung genehmigt.<\/p>\n<p>Bis zur vollst\u00e4ndigen Zahlung ist der Eigentumserwerb nicht gestattet. Im Eigentum der ORBITALSERVICE GmbH stehende Waren, die wesentlicher Bestandteil einer anderen Sache als Hauptsache werden, begr\u00fcnden ein Miteigentumsrecht der ORBITALSERVICE GmbH in H\u00f6he des Miteigentumsanteils an der neu hergestellten Sache.<\/p>\n<p>Bei der Verarbeitung mit anderen, gleichfalls unter Eigentumsvorbehalt gelieferter Waren durch die ORBITALSERVICE GmbH, steht der ORBITALSERVICE GmbH das Miteigentum an der neuen Sache im Verh\u00e4ltnis des Wertes der Vorbehaltsware zum Gesamtwert zu. Die Forderungen des Kunden aus einem Weiterverkauf von Waren, die im Vorbehaltseigentum der ORBITALSERVICE GmbH, werden zur Sicherheit an die ORBITALSERVICE GmbH im Voraus abgetreten. Diese Rechte umfassen alle Nebenrechte und Sicherheiten. Auf Verlangen ist der Kunde verpflichtet, Abtretungen an Erwerber abzutreten und alle f\u00fcr die Geltendmachung der Rechte der ORBITALSERVICE GmbH gegen den Erwerber erforderlichen Ausk\u00fcnfte zu erteilen und die Unterlagen auszuh\u00e4ndigen. Jede Verpf\u00e4ndung oder Sicherungs\u00fcbereignung der durch die ORBITALSERVICE GmbH unter Eigentumsvorbehalt gelieferten Waren ist unzul\u00e4ssig. Die ORBITALSERVICE GmbH ist \u00fcber Pf\u00e4ndungen unverz\u00fcglich (ohne schuldhaftes Z\u00f6gern) zu unterrichten. Die Identit\u00e4t des Pf\u00e4ndungsgl\u00e4ubigers ist unverz\u00fcglich ohne schuldhaftes Z\u00f6gern) mitzuteilen. Die Verwahrung der unter Vorbehalt gelieferten Ware erfolgt unentgeltlich. Der Kunde ist verpflichtet die Waren gegen die \u00fcblichen Gefahren wie Feuer, Diebstahl und Wasserschaden zu versichern. Die Entsch\u00e4digungsanspr\u00fcche des Bestellers, die aus Sch\u00e4den an der unter Eigentumsvorbehalt gelieferten Ware gegen Versicherungsgesellschaften zustehen, werden an die ORBITALSERVICE GmbH in H\u00f6he ihrer Forderungen abgetreten.<\/p>\n<p><strong><br \/>\n8. Gefahr\u00fcbergang Lieferung und Leistung<\/strong><\/p>\n<p>Soweit nicht etwas anderes vereinbart ist, gilt die Lieferung ab Werk.<\/p>\n<p>Die ORBITALSERVICE GmbH ist berechtigt Teillieferungen zu erbringen, soweit dies dem Besteller zumutbar ist. Hat die Ware unser Werk verlassen, geht die Gefahr des zuf\u00e4lligen Untergangs des Werks auf den Kunden \u00fcber. Dies gilt nicht f\u00fcr Verbraucher. Die Einhaltung einer vereinbarten Fristen ist nur bindend, wenn s\u00e4mtliche, vom Kunden zu liefernden Unterlagen, erforderlichen Genehmigungen, Pl\u00e4ne und sonstigen Verpflichtungen rechtzeitig bei der ORBITALSERVICE GmbH eingehen. Die Frist gilt bei Lieferung, ohne Aufstellung oder Montage der bestellten Sendung als eingehalten, wenn die Lieferung innerhalb der vereinbarten Lieferfristen erfolgt. Hat der Kunde einen Umstand zu vertreten, der die Einhaltung der Lieferfrist verhindert, gilt die Frist bei Meldung der eingetretenen Versandbereitschaft als eingehalten. Beruht die Verhinderung der Einhaltung des Liefertermins auf einem Umstand, den die ORBITALSERVICE GmbH nicht zu vertreten hat, verl\u00e4ngert sich der Leistungstermin um eine angemessene Frist. Dies gilt insbesondere in F\u00e4llen h\u00f6herer Gewalt. Hat die ORBITALSERVICE GmbH dem Kunden die Ware in geh\u00f6riger Weise angeboten und wird der Versand auf den ausdr\u00fccklichen Wunsch des Kunden verz\u00f6gert, ist die ORBITALSERVICE GmbH berechtigt, vom Kunden eine angemessene, orts\u00fcbliche\u00a0 Verg\u00fctung f\u00fcr die Lagerung zu verlangen. Anspr\u00fcche auf Ersatz des aus der verz\u00f6gerten Lieferung entstehenden Schadens sind ausgeschlossen. Dies gilt nicht f\u00fcr Anspr\u00fcche aus zwingendem Recht. Auf\u00a0 ausdr\u00fcckliches, schriftliches Verlangen der ORBITALSERVICE GmbH ist der Kunde verpflichtet, innerhalb einer angemessenen Frist zu erkl\u00e4ren, ob dieser im\u00a0 Falle der Verz\u00f6gerung von dem Vertrag zur\u00fccktritt oder auf eine Lieferung besteht.<\/p>\n<p><strong><br \/>\n9. <\/strong><strong>Aufstellung und Montage<\/strong><\/p>\n<p>Wird f\u00fcr die Aufstellung und Montage der Waren der ORBITALSERVICE GmbH Hilfspersonal ben\u00f6tigt, hat der Kunde die daf\u00fcr aufzuwendenden Kosten zu tragen. Entsprechendes gilt f\u00fcr alle Nebenarbeiten wie Bau-, Stemm-,\u00a0\u00a0 Ger\u00fcst-, Verputz- und Malerarbeiten. Die zur Montage und Inbetriebsetzung erforderlichen Bedarfsgegenst\u00e4nde wie beispielsweise Keile, Zement, Unterlagen, Putz, Schmiermittel und Brennstoffe, Ger\u00fcste und Hebewerkzeuge sind vom Kunden zu stellen. Der Kunde tr\u00e4gt daf\u00fcr Sorge, dass alle erforderlichen Anschl\u00fcsse f\u00fcr Strom und Wasser vorhanden sind und die Schutzkleidung und Schutzvorrichtungen zur Verf\u00fcgung stehen. Die n\u00f6tigen Angaben \u00fcber verdeckt gef\u00fchrte Strom-, Gas- und Wasserleitungen sind vom Kunden vor dem Beginn der Montagearbeiten zur Verf\u00fcgung zu stellen. S\u00e4mtliche Arbeiten, die nicht im Zusammenhang mit der von der ORBITALSERVICE GmbH geschuldeten Montageleistung stehen, sind von einer Haftung ausgenommen. Ist die Aufstellung oder Montageleistung gegen Berechnung \u00fcbernommen hat, gelten die Verg\u00fctungss\u00e4tze der ORBITALSERVICE GmbH.<\/p>\n<p><strong><br \/>\n10. Gew\u00e4hrleistung- \/ M\u00e4ngel- \/ Haftung<\/strong><\/p>\n<p>Die M\u00e4ngelhaftung der ORBITALSERVICE GmbH bestimmt sich nach den gesetzlichen Bestimmungen, soweit nachfolgend nicht etwas Abweichendes geregelt ist:<\/p>\n<p>Alle Teile und Leistungen, die innerhalb der gesetzlichen Frist, deren Lauf mit dem Tag des Gefahr\u00fcbergangs beginnt, in Folge eines Umstands mangelhaft wurden oder deren Brauchbarkeit beeintr\u00e4chtigt wurde der vor dem Gefahr\u00fcbergang liegt, unterliegen der Nachbesserungspflicht. Werden derartige M\u00e4ngel festgestellt, obliegt es gewerblichen Kunden den Mangel gegen\u00fcber der ORBITALSERVICE GmbH unverz\u00fcglich (ohne schuldhaftes Z\u00f6gern) schriftlich geltend zu machen. Die Haftung der ORBITALSERVICE GmbH wird auf Vorsatz und grober Fahrl\u00e4ssigkeit begrenzt. Eine weitergehende Haftung wird, soweit gesetzlich zugelassen, ausgeschlossen. In F\u00e4llen einfacher Fahrl\u00e4ssigkeit sind die weitergehenden Sch\u00e4den, insbesondere Anspr\u00fcche auf Ersatz des entgangenen Gewinns und sonstige Sch\u00e4den ausgeschlossen. Die vorstehenden Haftungsbeschr\u00e4nkungen und -ausschl\u00fcsse entfalten keine Geltung f\u00fcr Anspr\u00fcche, bei denen Person \u2013 und Sachsch\u00e4den auf die Fehlerhaftigkeit eines Produkts zur\u00fcckzuf\u00fchren sind.<\/p>\n<p>Hat der Kunde die Gebrauchs- und Bedienungsanleitung nicht oder nicht vollst\u00e4ndig beachtet, verliert der Kunde seine Gew\u00e4hrleistungsrechte.\u00a0 Entsprechendes gilt f\u00fcr sonstige unsachgem\u00e4\u00dfe Bedienungen. Wurde der Mangel durch einen gewerblichen Kunden innerhalb der Gew\u00e4hrleistungsfrist schriftlich angezeigt, verj\u00e4hren Gew\u00e4hrleistungsanspr\u00fcche ein Jahr nach Absendung der Anzeige.<\/p>\n<p><strong><br \/>\n11. Anwendbares Recht und Gerichtsstand<\/strong><\/p>\n<p>Ist das zu schlie\u00dfende Gesch\u00e4ft ein Handelsgesch\u00e4ft, an dem ausschlie\u00dflich Kaufleute beteiligt sind, so unterliegt das Vertragsverh\u00e4ltnis dem Recht der Bundesrepublik Deutschland. In diesem Fall sind die Vorschriften des UN-Kaufrechts, des CISG und des internationalen Privatrechts ausgeschlossen. Ist der Kunde Kaufmann, so ist f\u00fcr alle vertraglichen und mit diesem Vertrag in Zusammenhang stehenden Anspr\u00fcche der ausschlie\u00dfliche Gerichtsstand in Koblenz begr\u00fcndet.<\/p>\n<p><strong><br \/>\n12. Salvatorische Klausel<\/strong><\/p>\n<p>Sollten einzelne Bestimmungen dieser Bedingungen oder der sonstigen Vertragsbestandteile unwirksam sein oder werden, bleiben die \u00fcbrigen Bestimmungen wirksam. Dies gilt nicht, sofern das Festhalten an dem Vertrag eine unzumutbare H\u00e4rte f\u00fcr eine der Vertragsparteien darstellen w\u00fcrde.<\/p>\n<\/div><div class=\"fusion-clearfix\"><\/div><\/div><\/div><\/div><\/div><div class=\"fusion-fullwidth fullwidth-box fusion-builder-row-2 nonhundred-percent-fullwidth non-hundred-percent-height-scrolling\" style=\"--awb-border-radius-top-left:0px;--awb-border-radius-top-right:0px;--awb-border-radius-bottom-right:0px;--awb-border-radius-bottom-left:0px;--awb-flex-wrap:wrap;\" ><div class=\"fusion-builder-row fusion-row\"><div class=\"fusion-layout-column fusion_builder_column fusion-builder-column-3 fusion_builder_column_1_1 1_1 fusion-one-full fusion-column-first fusion-column-last\" style=\"--awb-padding-top:3%;--awb-padding-right:3%;--awb-padding-bottom:3%;--awb-padding-left:3%;--awb-bg-size:cover;--awb-box-shadow:0px 20px 50px 0px #eaeaea;;--awb-border-color:#293133;--awb-border-top:0;--awb-border-right:0;--awb-border-bottom:0;--awb-border-left:0;--awb-border-style:solid;--awb-margin-bottom:0px;\"><div class=\"fusion-column-wrapper fusion-column-has-shadow fusion-flex-column-wrapper-legacy\"><div class=\"fusion-builder-row fusion-builder-row-inner fusion-row\"><div class=\"fusion-layout-column fusion_builder_column_inner fusion-builder-nested-column-0 fusion_builder_column_inner_1_1 1_1 fusion-one-full fusion-column-first fusion-column-last\" style=\"--awb-padding-top:30px;--awb-padding-right:12%;--awb-padding-bottom:30px;--awb-padding-left:12%;--awb-bg-size:cover;--awb-border-color:#293133;--awb-border-top:4px;--awb-border-right:4px;--awb-border-bottom:4px;--awb-border-left:4px;--awb-border-style:solid;--awb-margin-top:0px;--awb-margin-bottom:0px;\"><div class=\"fusion-column-wrapper fusion-column-has-shadow fusion-flex-column-wrapper-legacy\"><div class=\"fusion-text fusion-text-3\"><p style=\"text-align: center;\">Sie haben Fragen zu unseren Produkten oder m\u00f6chten ein individuelles Angebot? Sprechen Sie uns gerne an.<\/p>\n<\/div><div class=\"fusion-aligncenter\"><a class=\"fusion-button button-flat fusion-button-default-size button-custom fusion-button-default button-1 fusion-button-default-span fusion-button-default-type\" style=\"--button_accent_color:#ffffff;--button_accent_hover_color:#111111;--button_border_hover_color:#111111;--button_gradient_top_color:#111111;--button_gradient_bottom_color:#111111;--button_gradient_top_color_hover:#ffffff;--button_gradient_bottom_color_hover:#ffffff;\" target=\"_self\" href=\"https:\/\/orbitalservice-group.com\/contact\/\"><span class=\"fusion-button-text awb-button__text awb-button__text--default\">Kontakt aufnehmen<\/span><\/a><\/div><div class=\"fusion-clearfix\"><\/div><\/div><\/div><\/div><div class=\"fusion-clearfix\"><\/div><\/div><\/div><\/div><\/div>\n<\/p>\n","protected":false},"excerpt":{"rendered":"","protected":false},"author":5,"featured_media":0,"parent":0,"menu_order":0,"comment_status":"closed","ping_status":"closed","template":"100-width.php","meta":{"footnotes":""},"class_list":["post-1757","page","type-page","status-publish","hentry"],"yoast_head":"<!-- This site is optimized with the Yoast SEO plugin v27.3 - https:\/\/yoast.com\/product\/yoast-seo-wordpress\/ -->\n<title>ORBITALSERVICE GmbH - AGBs<\/title>\n<meta name=\"description\" content=\"Auf dieser Seite finden Sie die allgemeinen Gesch\u00e4ftsbedingungen, die Mietbedingungen und die Einkaufsbedingungen der Orbitalservice GmbH.\" \/>\n<meta name=\"robots\" content=\"index, follow, max-snippet:-1, max-image-preview:large, max-video-preview:-1\" \/>\n<link rel=\"canonical\" href=\"https:\/\/orbitalservice-group.com\/de\/agbs\/\" \/>\n<meta property=\"og:locale\" content=\"de_DE\" \/>\n<meta property=\"og:type\" content=\"article\" \/>\n<meta property=\"og:title\" content=\"ORBITALSERVICE GmbH - AGBs\" \/>\n<meta property=\"og:description\" content=\"Auf dieser Seite finden Sie die allgemeinen Gesch\u00e4ftsbedingungen, die Mietbedingungen und die Einkaufsbedingungen der Orbitalservice GmbH.\" \/>\n<meta property=\"og:url\" content=\"https:\/\/orbitalservice-group.com\/de\/agbs\/\" \/>\n<meta property=\"og:site_name\" content=\"ORBITALSERVICE GmbH\" \/>\n<meta property=\"article:modified_time\" content=\"2025-12-17T06:51:59+00:00\" \/>\n<meta name=\"twitter:card\" content=\"summary_large_image\" \/>\n<meta name=\"twitter:label1\" content=\"Gesch\u00e4tzte Lesezeit\" \/>\n\t<meta name=\"twitter:data1\" content=\"7\u00a0Minuten\" \/>\n<script type=\"application\/ld+json\" class=\"yoast-schema-graph\">{\"@context\":\"https:\\\/\\\/schema.org\",\"@graph\":[{\"@type\":\"WebPage\",\"@id\":\"https:\\\/\\\/orbitalservice-group.com\\\/de\\\/agbs\\\/\",\"url\":\"https:\\\/\\\/orbitalservice-group.com\\\/de\\\/agbs\\\/\",\"name\":\"ORBITALSERVICE GmbH - AGBs\",\"isPartOf\":{\"@id\":\"https:\\\/\\\/orbitalservice-group.com\\\/de\\\/#website\"},\"datePublished\":\"2019-09-05T15:37:38+00:00\",\"dateModified\":\"2025-12-17T06:51:59+00:00\",\"description\":\"Auf dieser Seite finden Sie die allgemeinen Gesch\u00e4ftsbedingungen, die Mietbedingungen und die Einkaufsbedingungen der Orbitalservice GmbH.\",\"breadcrumb\":{\"@id\":\"https:\\\/\\\/orbitalservice-group.com\\\/de\\\/agbs\\\/#breadcrumb\"},\"inLanguage\":\"de\",\"potentialAction\":[{\"@type\":\"ReadAction\",\"target\":[\"https:\\\/\\\/orbitalservice-group.com\\\/de\\\/agbs\\\/\"]}]},{\"@type\":\"BreadcrumbList\",\"@id\":\"https:\\\/\\\/orbitalservice-group.com\\\/de\\\/agbs\\\/#breadcrumb\",\"itemListElement\":[{\"@type\":\"ListItem\",\"position\":1,\"name\":\"Startseite\",\"item\":\"https:\\\/\\\/orbitalservice-group.com\\\/de\\\/\"},{\"@type\":\"ListItem\",\"position\":2,\"name\":\"AGBs\"}]},{\"@type\":\"WebSite\",\"@id\":\"https:\\\/\\\/orbitalservice-group.com\\\/de\\\/#website\",\"url\":\"https:\\\/\\\/orbitalservice-group.com\\\/de\\\/\",\"name\":\"ORBITALSERVICE GmbH\",\"description\":\"The future of orbital welding\",\"publisher\":{\"@id\":\"https:\\\/\\\/orbitalservice-group.com\\\/de\\\/#organization\"},\"potentialAction\":[{\"@type\":\"SearchAction\",\"target\":{\"@type\":\"EntryPoint\",\"urlTemplate\":\"https:\\\/\\\/orbitalservice-group.com\\\/de\\\/?s={search_term_string}\"},\"query-input\":{\"@type\":\"PropertyValueSpecification\",\"valueRequired\":true,\"valueName\":\"search_term_string\"}}],\"inLanguage\":\"de\"},{\"@type\":\"Organization\",\"@id\":\"https:\\\/\\\/orbitalservice-group.com\\\/de\\\/#organization\",\"name\":\"Orbitalservice GmbH\",\"url\":\"https:\\\/\\\/orbitalservice-group.com\\\/de\\\/\",\"logo\":{\"@type\":\"ImageObject\",\"inLanguage\":\"de\",\"@id\":\"https:\\\/\\\/orbitalservice-group.com\\\/de\\\/#\\\/schema\\\/logo\\\/image\\\/\",\"url\":\"https:\\\/\\\/orbitalservice-group.com\\\/wp-content\\\/uploads\\\/Orbitalservice-Logo_200.png\",\"contentUrl\":\"https:\\\/\\\/orbitalservice-group.com\\\/wp-content\\\/uploads\\\/Orbitalservice-Logo_200.png\",\"width\":200,\"height\":44,\"caption\":\"Orbitalservice GmbH\"},\"image\":{\"@id\":\"https:\\\/\\\/orbitalservice-group.com\\\/de\\\/#\\\/schema\\\/logo\\\/image\\\/\"}}]}<\/script>\n<!-- \/ Yoast SEO plugin. -->","yoast_head_json":{"title":"ORBITALSERVICE GmbH - AGBs","description":"Auf dieser Seite finden Sie die allgemeinen Gesch\u00e4ftsbedingungen, die Mietbedingungen und die Einkaufsbedingungen der Orbitalservice GmbH.","robots":{"index":"index","follow":"follow","max-snippet":"max-snippet:-1","max-image-preview":"max-image-preview:large","max-video-preview":"max-video-preview:-1"},"canonical":"https:\/\/orbitalservice-group.com\/de\/agbs\/","og_locale":"de_DE","og_type":"article","og_title":"ORBITALSERVICE GmbH - AGBs","og_description":"Auf dieser Seite finden Sie die allgemeinen Gesch\u00e4ftsbedingungen, die Mietbedingungen und die Einkaufsbedingungen der Orbitalservice GmbH.","og_url":"https:\/\/orbitalservice-group.com\/de\/agbs\/","og_site_name":"ORBITALSERVICE GmbH","article_modified_time":"2025-12-17T06:51:59+00:00","twitter_card":"summary_large_image","twitter_misc":{"Gesch\u00e4tzte Lesezeit":"7\u00a0Minuten"},"schema":{"@context":"https:\/\/schema.org","@graph":[{"@type":"WebPage","@id":"https:\/\/orbitalservice-group.com\/de\/agbs\/","url":"https:\/\/orbitalservice-group.com\/de\/agbs\/","name":"ORBITALSERVICE GmbH - AGBs","isPartOf":{"@id":"https:\/\/orbitalservice-group.com\/de\/#website"},"datePublished":"2019-09-05T15:37:38+00:00","dateModified":"2025-12-17T06:51:59+00:00","description":"Auf dieser Seite finden Sie die allgemeinen Gesch\u00e4ftsbedingungen, die Mietbedingungen und die Einkaufsbedingungen der Orbitalservice GmbH.","breadcrumb":{"@id":"https:\/\/orbitalservice-group.com\/de\/agbs\/#breadcrumb"},"inLanguage":"de","potentialAction":[{"@type":"ReadAction","target":["https:\/\/orbitalservice-group.com\/de\/agbs\/"]}]},{"@type":"BreadcrumbList","@id":"https:\/\/orbitalservice-group.com\/de\/agbs\/#breadcrumb","itemListElement":[{"@type":"ListItem","position":1,"name":"Startseite","item":"https:\/\/orbitalservice-group.com\/de\/"},{"@type":"ListItem","position":2,"name":"AGBs"}]},{"@type":"WebSite","@id":"https:\/\/orbitalservice-group.com\/de\/#website","url":"https:\/\/orbitalservice-group.com\/de\/","name":"ORBITALSERVICE GmbH","description":"The future of orbital welding","publisher":{"@id":"https:\/\/orbitalservice-group.com\/de\/#organization"},"potentialAction":[{"@type":"SearchAction","target":{"@type":"EntryPoint","urlTemplate":"https:\/\/orbitalservice-group.com\/de\/?s={search_term_string}"},"query-input":{"@type":"PropertyValueSpecification","valueRequired":true,"valueName":"search_term_string"}}],"inLanguage":"de"},{"@type":"Organization","@id":"https:\/\/orbitalservice-group.com\/de\/#organization","name":"Orbitalservice GmbH","url":"https:\/\/orbitalservice-group.com\/de\/","logo":{"@type":"ImageObject","inLanguage":"de","@id":"https:\/\/orbitalservice-group.com\/de\/#\/schema\/logo\/image\/","url":"https:\/\/orbitalservice-group.com\/wp-content\/uploads\/Orbitalservice-Logo_200.png","contentUrl":"https:\/\/orbitalservice-group.com\/wp-content\/uploads\/Orbitalservice-Logo_200.png","width":200,"height":44,"caption":"Orbitalservice GmbH"},"image":{"@id":"https:\/\/orbitalservice-group.com\/de\/#\/schema\/logo\/image\/"}}]}},"_links":{"self":[{"href":"https:\/\/orbitalservice-group.com\/de\/wp-json\/wp\/v2\/pages\/1757","targetHints":{"allow":["GET"]}}],"collection":[{"href":"https:\/\/orbitalservice-group.com\/de\/wp-json\/wp\/v2\/pages"}],"about":[{"href":"https:\/\/orbitalservice-group.com\/de\/wp-json\/wp\/v2\/types\/page"}],"author":[{"embeddable":true,"href":"https:\/\/orbitalservice-group.com\/de\/wp-json\/wp\/v2\/users\/5"}],"replies":[{"embeddable":true,"href":"https:\/\/orbitalservice-group.com\/de\/wp-json\/wp\/v2\/comments?post=1757"}],"version-history":[{"count":4,"href":"https:\/\/orbitalservice-group.com\/de\/wp-json\/wp\/v2\/pages\/1757\/revisions"}],"predecessor-version":[{"id":7436,"href":"https:\/\/orbitalservice-group.com\/de\/wp-json\/wp\/v2\/pages\/1757\/revisions\/7436"}],"wp:attachment":[{"href":"https:\/\/orbitalservice-group.com\/de\/wp-json\/wp\/v2\/media?parent=1757"}],"curies":[{"name":"wp","href":"https:\/\/api.w.org\/{rel}","templated":true}]}}