{"id":1749,"date":"2019-09-05T17:30:35","date_gmt":"2019-09-05T15:30:35","guid":{"rendered":"http:\/\/yourcase-koffer.de\/?page_id=1749"},"modified":"2023-01-26T13:44:34","modified_gmt":"2023-01-26T12:44:34","slug":"impressum","status":"publish","type":"page","link":"https:\/\/orbitalservice-group.com\/de\/impressum\/","title":{"rendered":"Impressum"},"content":{"rendered":"<div class=\"fusion-fullwidth fullwidth-box fusion-builder-row-1 nonhundred-percent-fullwidth non-hundred-percent-height-scrolling\" style=\"--awb-border-radius-top-left:0px;--awb-border-radius-top-right:0px;--awb-border-radius-bottom-right:0px;--awb-border-radius-bottom-left:0px;--awb-padding-bottom:6%;--awb-flex-wrap:wrap;\" ><div class=\"fusion-builder-row fusion-row\"><div class=\"fusion-layout-column fusion_builder_column fusion-builder-column-0 fusion_builder_column_1_1 1_1 fusion-one-full fusion-column-first fusion-column-last\" style=\"--awb-padding-top:5%;--awb-bg-size:cover;--awb-margin-top:5%;\"><div class=\"fusion-column-wrapper fusion-column-has-shadow fusion-flex-column-wrapper-legacy\"><div class=\"fusion-text fusion-text-1\"><h2 style=\"--fontSize: 34.56; line-height: 1.28;\" data-fontsize=\"34.56\" data-lineheight=\"44.2333px\" class=\"fusion-responsive-typography-calculated\">Angaben gem\u00e4\u00df \u00a7 5 TMG<\/h2>\n<p>Orbitalservice GmbH<br \/>\nKreuzdelle 13<br \/>\n63872 Heimbuchenthal<\/p>\n<p>Handelsregister: HRB 10679<br \/>\nRegistergericht: Amtsgericht Aschaffenburg<\/p>\n<p><strong>Vertreten durch:<\/strong><br \/>\nden Gesch\u00e4ftsf\u00fchrer Dirk Kunze<\/p>\n<h2 style=\"--fontSize: 34.56; line-height: 1.28;\" data-fontsize=\"34.56\" data-lineheight=\"44.2333px\" class=\"fusion-responsive-typography-calculated\">Kontakt<\/h2>\n<p>Telefon: +49 6092 822940<br \/>\nTelefax: +49 6092 8229409<br \/>\nE-Mail: info@orbitalservice.de<\/p>\n<h2 style=\"--fontSize: 34.56; line-height: 1.28;\" data-fontsize=\"34.56\" data-lineheight=\"44.2333px\" class=\"fusion-responsive-typography-calculated\">Umsatzsteuer-ID<\/h2>\n<p>Umsatzsteuer-Identifikationsnummer gem\u00e4\u00df \u00a727 a Umsatzsteuergesetz:<br \/>\nDE260289415<\/p>\n<h2 style=\"--fontSize: 34.56; line-height: 1.28;\" data-fontsize=\"34.56\" data-lineheight=\"44.2333px\" class=\"fusion-responsive-typography-calculated\">Angaben zur Berufshaftpflichtversicherung<\/h2>\n<p><strong>Name und Sitz des Versicherers:<\/strong><br \/>\nErgo Group AG<br \/>\nVictoria Platz 2<br \/>\n40198 D\u00fcsseldorf<\/p>\n<p><strong>Geltungsraum der Versicherung:<\/strong><br \/>\nWeltweit<\/p>\n<h2 style=\"--fontSize: 34.56; line-height: 1.28;\" data-fontsize=\"34.56\" data-lineheight=\"44.2333px\" class=\"fusion-responsive-typography-calculated\">EU-Streitschlichtung<\/h2>\n<p>Die Europ\u00e4ische Kommission stellt eine Plattform zur Online-Streitbeilegung (OS) bereit: <a href=\"https:\/\/ec.europa.eu\/consumers\/odr\" target=\"_blank\" rel=\"noopener noreferrer\">https:\/\/ec.europa.eu\/consumers\/odr<\/a>.<br \/>\nUnsere E-Mail-Adresse finden Sie oben im Impressum.<\/p>\n<h2 style=\"--fontSize: 34.56; line-height: 1.28;\" data-fontsize=\"34.56\" data-lineheight=\"44.2333px\" class=\"fusion-responsive-typography-calculated\">Verbraucherstreitbeilegung\/Universalschlichtungsstelle<\/h2>\n<p>Wir sind nicht bereit oder verpflichtet, an Streitbeilegungsverfahren vor einer Verbraucherschlichtungsstelle teilzunehmen.<\/p>\n<h3 style=\"--fontSize: 28.8; line-height: 1.5;\" data-fontsize=\"28.8\" data-lineheight=\"43.2px\" class=\"fusion-responsive-typography-calculated\">Haftung f\u00fcr Inhalte<\/h3>\n<p>Als Diensteanbieter sind wir gem\u00e4\u00df \u00a7 7 Abs.1 TMG f\u00fcr eigene Inhalte auf diesen Seiten nach den allgemeinen Gesetzen verantwortlich. Nach \u00a7\u00a7 8 bis 10 TMG sind wir als Diensteanbieter jedoch nicht verpflichtet, \u00fcbermittelte oder gespeicherte fremde Informationen zu \u00fcberwachen oder nach Umst\u00e4nden zu forschen, die auf eine rechtswidrige T\u00e4tigkeit hinweisen.<\/p>\n<p>Verpflichtungen zur Entfernung oder Sperrung der Nutzung von Informationen nach den allgemeinen Gesetzen bleiben hiervon unber\u00fchrt. Eine diesbez\u00fcgliche Haftung ist jedoch erst ab dem Zeitpunkt der Kenntnis einer konkreten Rechtsverletzung m\u00f6glich. Bei Bekanntwerden von entsprechenden Rechtsverletzungen werden wir diese Inhalte umgehend entfernen.<\/p>\n<h3 style=\"--fontSize: 28.8; line-height: 1.5;\" data-fontsize=\"28.8\" data-lineheight=\"43.2px\" class=\"fusion-responsive-typography-calculated\">Haftung f\u00fcr Links<\/h3>\n<p>Unser Angebot enth\u00e4lt Links zu externen Websites Dritter, auf deren Inhalte wir keinen Einfluss haben. Deshalb k\u00f6nnen wir f\u00fcr diese fremden Inhalte auch keine Gew\u00e4hr \u00fcbernehmen. F\u00fcr die Inhalte der verlinkten Seiten ist stets der jeweilige Anbieter oder Betreiber der Seiten verantwortlich. Die verlinkten Seiten wurden zum Zeitpunkt der Verlinkung auf m\u00f6gliche Rechtsverst\u00f6\u00dfe \u00fcberpr\u00fcft. Rechtswidrige Inhalte waren zum Zeitpunkt der Verlinkung nicht erkennbar.<\/p>\n<p>Eine permanente inhaltliche Kontrolle der verlinkten Seiten ist jedoch ohne konkrete Anhaltspunkte einer Rechtsverletzung nicht zumutbar. Bei Bekanntwerden von Rechtsverletzungen werden wir derartige Links umgehend entfernen.<\/p>\n<h3 style=\"--fontSize: 28.8; line-height: 1.5;\" data-fontsize=\"28.8\" data-lineheight=\"43.2px\" class=\"fusion-responsive-typography-calculated\">Urheberrecht<\/h3>\n<p>Die durch die Seitenbetreiber erstellten Inhalte und Werke auf diesen Seiten unterliegen dem deutschen Urheberrecht. Die Vervielf\u00e4ltigung, Bearbeitung, Verbreitung und jede Art der Verwertung au\u00dferhalb der Grenzen des Urheberrechtes bed\u00fcrfen der schriftlichen Zustimmung des jeweiligen Autors bzw. Erstellers. Downloads und Kopien dieser Seite sind nur f\u00fcr den privaten, nicht kommerziellen Gebrauch gestattet.<\/p>\n<p>Soweit die Inhalte auf dieser Seite nicht vom Betreiber erstellt wurden, werden die Urheberrechte Dritter beachtet. Insbesondere werden Inhalte Dritter als solche gekennzeichnet. Sollten Sie trotzdem auf eine Urheberrechtsverletzung aufmerksam werden, bitten wir um einen entsprechenden Hinweis. Bei Bekanntwerden von Rechtsverletzungen werden wir derartige Inhalte umgehend entfernen.<\/p>\n<\/div><div class=\"fusion-clearfix\"><\/div><\/div><\/div><\/div><\/div>\n","protected":false},"excerpt":{"rendered":"","protected":false},"author":5,"featured_media":0,"parent":0,"menu_order":0,"comment_status":"closed","ping_status":"closed","template":"100-width.php","meta":{"footnotes":""},"class_list":["post-1749","page","type-page","status-publish","hentry"],"yoast_head":"<!-- This site is optimized with the Yoast SEO plugin v27.3 - https:\/\/yoast.com\/product\/yoast-seo-wordpress\/ -->\n<title>ORBITALSERVICE GmbH - Impressum<\/title>\n<meta name=\"description\" content=\"Tradition, Teamgeist und modernes Know-How. Hochmotivierte Mitarbeiter und High-Tech, die richtige Mischung f\u00fcr Ihren Erfolg. Hier ist unser Impressum.\" \/>\n<meta name=\"robots\" content=\"index, follow, max-snippet:-1, max-image-preview:large, max-video-preview:-1\" \/>\n<link rel=\"canonical\" href=\"https:\/\/orbitalservice-group.com\/de\/impressum\/\" \/>\n<meta property=\"og:locale\" content=\"de_DE\" \/>\n<meta property=\"og:type\" content=\"article\" \/>\n<meta property=\"og:title\" content=\"ORBITALSERVICE GmbH - Impressum\" \/>\n<meta property=\"og:description\" content=\"Tradition, Teamgeist und modernes Know-How. Hochmotivierte Mitarbeiter und High-Tech, die richtige Mischung f\u00fcr Ihren Erfolg. Hier ist unser Impressum.\" \/>\n<meta property=\"og:url\" content=\"https:\/\/orbitalservice-group.com\/de\/impressum\/\" \/>\n<meta property=\"og:site_name\" content=\"ORBITALSERVICE GmbH\" \/>\n<meta property=\"article:modified_time\" content=\"2023-01-26T12:44:34+00:00\" \/>\n<meta name=\"twitter:card\" content=\"summary_large_image\" \/>\n<meta name=\"twitter:label1\" content=\"Gesch\u00e4tzte Lesezeit\" \/>\n\t<meta name=\"twitter:data1\" content=\"3\u00a0Minuten\" \/>\n<script type=\"application\/ld+json\" class=\"yoast-schema-graph\">{\"@context\":\"https:\\\/\\\/schema.org\",\"@graph\":[{\"@type\":\"WebPage\",\"@id\":\"https:\\\/\\\/orbitalservice-group.com\\\/de\\\/impressum\\\/\",\"url\":\"https:\\\/\\\/orbitalservice-group.com\\\/de\\\/impressum\\\/\",\"name\":\"ORBITALSERVICE GmbH - Impressum\",\"isPartOf\":{\"@id\":\"https:\\\/\\\/orbitalservice-group.com\\\/de\\\/#website\"},\"datePublished\":\"2019-09-05T15:30:35+00:00\",\"dateModified\":\"2023-01-26T12:44:34+00:00\",\"description\":\"Tradition, Teamgeist und modernes Know-How. Hochmotivierte Mitarbeiter und High-Tech, die richtige Mischung f\u00fcr Ihren Erfolg. Hier ist unser Impressum.\",\"breadcrumb\":{\"@id\":\"https:\\\/\\\/orbitalservice-group.com\\\/de\\\/impressum\\\/#breadcrumb\"},\"inLanguage\":\"de\",\"potentialAction\":[{\"@type\":\"ReadAction\",\"target\":[\"https:\\\/\\\/orbitalservice-group.com\\\/de\\\/impressum\\\/\"]}]},{\"@type\":\"BreadcrumbList\",\"@id\":\"https:\\\/\\\/orbitalservice-group.com\\\/de\\\/impressum\\\/#breadcrumb\",\"itemListElement\":[{\"@type\":\"ListItem\",\"position\":1,\"name\":\"Startseite\",\"item\":\"https:\\\/\\\/orbitalservice-group.com\\\/de\\\/\"},{\"@type\":\"ListItem\",\"position\":2,\"name\":\"Impressum\"}]},{\"@type\":\"WebSite\",\"@id\":\"https:\\\/\\\/orbitalservice-group.com\\\/de\\\/#website\",\"url\":\"https:\\\/\\\/orbitalservice-group.com\\\/de\\\/\",\"name\":\"ORBITALSERVICE GmbH\",\"description\":\"The future of orbital welding\",\"publisher\":{\"@id\":\"https:\\\/\\\/orbitalservice-group.com\\\/de\\\/#organization\"},\"potentialAction\":[{\"@type\":\"SearchAction\",\"target\":{\"@type\":\"EntryPoint\",\"urlTemplate\":\"https:\\\/\\\/orbitalservice-group.com\\\/de\\\/?s={search_term_string}\"},\"query-input\":{\"@type\":\"PropertyValueSpecification\",\"valueRequired\":true,\"valueName\":\"search_term_string\"}}],\"inLanguage\":\"de\"},{\"@type\":\"Organization\",\"@id\":\"https:\\\/\\\/orbitalservice-group.com\\\/de\\\/#organization\",\"name\":\"Orbitalservice GmbH\",\"url\":\"https:\\\/\\\/orbitalservice-group.com\\\/de\\\/\",\"logo\":{\"@type\":\"ImageObject\",\"inLanguage\":\"de\",\"@id\":\"https:\\\/\\\/orbitalservice-group.com\\\/de\\\/#\\\/schema\\\/logo\\\/image\\\/\",\"url\":\"https:\\\/\\\/orbitalservice-group.com\\\/wp-content\\\/uploads\\\/Orbitalservice-Logo_200.png\",\"contentUrl\":\"https:\\\/\\\/orbitalservice-group.com\\\/wp-content\\\/uploads\\\/Orbitalservice-Logo_200.png\",\"width\":200,\"height\":44,\"caption\":\"Orbitalservice GmbH\"},\"image\":{\"@id\":\"https:\\\/\\\/orbitalservice-group.com\\\/de\\\/#\\\/schema\\\/logo\\\/image\\\/\"}}]}<\/script>\n<!-- \/ Yoast SEO plugin. -->","yoast_head_json":{"title":"ORBITALSERVICE GmbH - Impressum","description":"Tradition, Teamgeist und modernes Know-How. Hochmotivierte Mitarbeiter und High-Tech, die richtige Mischung f\u00fcr Ihren Erfolg. Hier ist unser Impressum.","robots":{"index":"index","follow":"follow","max-snippet":"max-snippet:-1","max-image-preview":"max-image-preview:large","max-video-preview":"max-video-preview:-1"},"canonical":"https:\/\/orbitalservice-group.com\/de\/impressum\/","og_locale":"de_DE","og_type":"article","og_title":"ORBITALSERVICE GmbH - Impressum","og_description":"Tradition, Teamgeist und modernes Know-How. Hochmotivierte Mitarbeiter und High-Tech, die richtige Mischung f\u00fcr Ihren Erfolg. Hier ist unser Impressum.","og_url":"https:\/\/orbitalservice-group.com\/de\/impressum\/","og_site_name":"ORBITALSERVICE GmbH","article_modified_time":"2023-01-26T12:44:34+00:00","twitter_card":"summary_large_image","twitter_misc":{"Gesch\u00e4tzte Lesezeit":"3\u00a0Minuten"},"schema":{"@context":"https:\/\/schema.org","@graph":[{"@type":"WebPage","@id":"https:\/\/orbitalservice-group.com\/de\/impressum\/","url":"https:\/\/orbitalservice-group.com\/de\/impressum\/","name":"ORBITALSERVICE GmbH - Impressum","isPartOf":{"@id":"https:\/\/orbitalservice-group.com\/de\/#website"},"datePublished":"2019-09-05T15:30:35+00:00","dateModified":"2023-01-26T12:44:34+00:00","description":"Tradition, Teamgeist und modernes Know-How. Hochmotivierte Mitarbeiter und High-Tech, die richtige Mischung f\u00fcr Ihren Erfolg. Hier ist unser Impressum.","breadcrumb":{"@id":"https:\/\/orbitalservice-group.com\/de\/impressum\/#breadcrumb"},"inLanguage":"de","potentialAction":[{"@type":"ReadAction","target":["https:\/\/orbitalservice-group.com\/de\/impressum\/"]}]},{"@type":"BreadcrumbList","@id":"https:\/\/orbitalservice-group.com\/de\/impressum\/#breadcrumb","itemListElement":[{"@type":"ListItem","position":1,"name":"Startseite","item":"https:\/\/orbitalservice-group.com\/de\/"},{"@type":"ListItem","position":2,"name":"Impressum"}]},{"@type":"WebSite","@id":"https:\/\/orbitalservice-group.com\/de\/#website","url":"https:\/\/orbitalservice-group.com\/de\/","name":"ORBITALSERVICE GmbH","description":"The future of orbital welding","publisher":{"@id":"https:\/\/orbitalservice-group.com\/de\/#organization"},"potentialAction":[{"@type":"SearchAction","target":{"@type":"EntryPoint","urlTemplate":"https:\/\/orbitalservice-group.com\/de\/?s={search_term_string}"},"query-input":{"@type":"PropertyValueSpecification","valueRequired":true,"valueName":"search_term_string"}}],"inLanguage":"de"},{"@type":"Organization","@id":"https:\/\/orbitalservice-group.com\/de\/#organization","name":"Orbitalservice GmbH","url":"https:\/\/orbitalservice-group.com\/de\/","logo":{"@type":"ImageObject","inLanguage":"de","@id":"https:\/\/orbitalservice-group.com\/de\/#\/schema\/logo\/image\/","url":"https:\/\/orbitalservice-group.com\/wp-content\/uploads\/Orbitalservice-Logo_200.png","contentUrl":"https:\/\/orbitalservice-group.com\/wp-content\/uploads\/Orbitalservice-Logo_200.png","width":200,"height":44,"caption":"Orbitalservice GmbH"},"image":{"@id":"https:\/\/orbitalservice-group.com\/de\/#\/schema\/logo\/image\/"}}]}},"_links":{"self":[{"href":"https:\/\/orbitalservice-group.com\/de\/wp-json\/wp\/v2\/pages\/1749","targetHints":{"allow":["GET"]}}],"collection":[{"href":"https:\/\/orbitalservice-group.com\/de\/wp-json\/wp\/v2\/pages"}],"about":[{"href":"https:\/\/orbitalservice-group.com\/de\/wp-json\/wp\/v2\/types\/page"}],"author":[{"embeddable":true,"href":"https:\/\/orbitalservice-group.com\/de\/wp-json\/wp\/v2\/users\/5"}],"replies":[{"embeddable":true,"href":"https:\/\/orbitalservice-group.com\/de\/wp-json\/wp\/v2\/comments?post=1749"}],"version-history":[{"count":16,"href":"https:\/\/orbitalservice-group.com\/de\/wp-json\/wp\/v2\/pages\/1749\/revisions"}],"predecessor-version":[{"id":3901,"href":"https:\/\/orbitalservice-group.com\/de\/wp-json\/wp\/v2\/pages\/1749\/revisions\/3901"}],"wp:attachment":[{"href":"https:\/\/orbitalservice-group.com\/de\/wp-json\/wp\/v2\/media?parent=1749"}],"curies":[{"name":"wp","href":"https:\/\/api.w.org\/{rel}","templated":true}]}}